{"id":1306,"date":"2024-05-15T11:44:41","date_gmt":"2024-05-15T09:44:41","guid":{"rendered":"https:\/\/ezequiel-garcia-romeu.com\/?page_id=1306"},"modified":"2025-10-22T16:01:56","modified_gmt":"2025-10-22T14:01:56","slug":"le-scriptographe","status":"publish","type":"page","link":"https:\/\/ezequiel-garcia-romeu.com\/en\/le-scriptographe\/","title":{"rendered":"The Scriptograph"},"content":{"rendered":"<div data-elementor-type=\"wp-page\" data-elementor-id=\"1306\" class=\"elementor elementor-1306\">\n\t\t\t\t\t\t<section class=\"elementor-section elementor-top-section elementor-element elementor-element-79b39ac elementor-section-boxed elementor-section-height-default elementor-section-height-default\" data-id=\"79b39ac\" data-element_type=\"section\" data-e-type=\"section\">\n\t\t\t\t\t\t<div class=\"elementor-container elementor-column-gap-default\">\n\t\t\t\t\t<div class=\"elementor-column elementor-col-100 elementor-top-column elementor-element elementor-element-190207c\" data-id=\"190207c\" data-element_type=\"column\" data-e-type=\"column\">\n\t\t\t<div class=\"elementor-widget-wrap elementor-element-populated\">\n\t\t\t\t\t\t<div class=\"elementor-element elementor-element-cb65ed9 elementor-widget elementor-widget-heading\" data-id=\"cb65ed9\" data-element_type=\"widget\" data-e-type=\"widget\" data-widget_type=\"heading.default\">\n\t\t\t\t<div class=\"elementor-widget-container\">\n\t\t\t\t\t<h2 class=\"elementor-heading-title elementor-size-default\">The Scriptograph<\/h2>\t\t\t\t<\/div>\n\t\t\t\t<\/div>\n\t\t\t\t\t<\/div>\n\t\t<\/div>\n\t\t\t\t\t<\/div>\n\t\t<\/section>\n\t\t\t\t<section class=\"elementor-section elementor-top-section elementor-element elementor-element-528b29e elementor-section-boxed elementor-section-height-default elementor-section-height-default\" data-id=\"528b29e\" data-element_type=\"section\" data-e-type=\"section\">\n\t\t\t\t\t\t<div class=\"elementor-container elementor-column-gap-default\">\n\t\t\t\t\t<div class=\"elementor-column elementor-col-100 elementor-top-column elementor-element elementor-element-2cee8e2\" data-id=\"2cee8e2\" data-element_type=\"column\" data-e-type=\"column\">\n\t\t\t<div class=\"elementor-widget-wrap elementor-element-populated\">\n\t\t\t\t\t\t<div class=\"elementor-element elementor-element-2290832 elementor-widget elementor-widget-image\" data-id=\"2290832\" data-element_type=\"widget\" data-e-type=\"widget\" data-widget_type=\"image.default\">\n\t\t\t\t<div class=\"elementor-widget-container\">\n\t\t\t\t\t\t\t\t\t\t\t\t\t\t\t<img fetchpriority=\"high\" decoding=\"async\" width=\"800\" height=\"600\" src=\"https:\/\/ezequiel-garcia-romeu.com\/wp-content\/uploads\/2024\/04\/Le-Scriptographe-1024x768.jpg\" class=\"attachment-large size-large wp-image-565\" alt=\"\" srcset=\"https:\/\/ezequiel-garcia-romeu.com\/wp-content\/uploads\/2024\/04\/Le-Scriptographe-1024x768.jpg 1024w, https:\/\/ezequiel-garcia-romeu.com\/wp-content\/uploads\/2024\/04\/Le-Scriptographe-300x225.jpg 300w, https:\/\/ezequiel-garcia-romeu.com\/wp-content\/uploads\/2024\/04\/Le-Scriptographe-768x576.jpg 768w, https:\/\/ezequiel-garcia-romeu.com\/wp-content\/uploads\/2024\/04\/Le-Scriptographe-1536x1152.jpg 1536w, https:\/\/ezequiel-garcia-romeu.com\/wp-content\/uploads\/2024\/04\/Le-Scriptographe.jpg 1600w\" sizes=\"(max-width: 800px) 100vw, 800px\" \/>\t\t\t\t\t\t\t\t\t\t\t\t\t\t\t<\/div>\n\t\t\t\t<\/div>\n\t\t\t\t\t<\/div>\n\t\t<\/div>\n\t\t\t\t\t<\/div>\n\t\t<\/section>\n\t\t\t\t<section class=\"elementor-section elementor-top-section elementor-element elementor-element-2e41df2 elementor-section-boxed elementor-section-height-default elementor-section-height-default\" data-id=\"2e41df2\" data-element_type=\"section\" data-e-type=\"section\">\n\t\t\t\t\t\t<div class=\"elementor-container elementor-column-gap-default\">\n\t\t\t\t\t<div class=\"elementor-column elementor-col-100 elementor-top-column elementor-element elementor-element-00a36a6\" data-id=\"00a36a6\" data-element_type=\"column\" data-e-type=\"column\">\n\t\t\t<div class=\"elementor-widget-wrap elementor-element-populated\">\n\t\t\t\t\t\t<div class=\"elementor-element elementor-element-40af2eb elementor-widget elementor-widget-text-editor\" data-id=\"40af2eb\" data-element_type=\"widget\" data-e-type=\"widget\" data-widget_type=\"text-editor.default\">\n\t\t\t\t<div class=\"elementor-widget-container\">\n\t\t\t\t\t\t\t\t\t<p>Imagine a subterranean world where a spectral-sounding manipulator of beings manoeuvres trap doors in the middle of a table and presents motifs of lives and still life as a meal, so that the authors and playwrights sitting at their writing desks get inspired by the motif presented by this Hades.<\/p>\t\t\t\t\t\t\t\t<\/div>\n\t\t\t\t<\/div>\n\t\t\t\t<div class=\"elementor-element elementor-element-5d7a09b elementor-widget elementor-widget-eael-adv-accordion\" data-id=\"5d7a09b\" data-element_type=\"widget\" data-e-type=\"widget\" data-widget_type=\"eael-adv-accordion.default\">\n\t\t\t\t<div class=\"elementor-widget-container\">\n\t\t\t\t\t            <div class=\"eael-adv-accordion\" id=\"eael-adv-accordion-5d7a09b\" data-scroll-on-click=\"no\" data-scroll-speed=\"300\" data-accordion-id=\"5d7a09b\" data-accordion-type=\"accordion\" data-toogle-speed=\"300\">\n            <div class=\"eael-accordion-list\">\n\t\t\t\t\t<div id=\"distribution\" class=\"elementor-tab-title eael-accordion-header\" tabindex=\"0\" data-tab=\"1\" aria-controls=\"elementor-tab-content-9801\"><span class=\"eael-advanced-accordion-icon-closed\"><svg aria-hidden=\"true\" class=\"fa-accordion-icon e-font-icon-svg e-fas-plus\" viewbox=\"0 0 448 512\" xmlns=\"http:\/\/www.w3.org\/2000\/svg\"><path d=\"M416 208H272V64c0-17.67-14.33-32-32-32h-32c-17.67 0-32 14.33-32 32v144H32c-17.67 0-32 14.33-32 32v32c0 17.67 14.33 32 32 32h144v144c0 17.67 14.33 32 32 32h32c17.67 0 32-14.33 32-32V304h144c17.67 0 32-14.33 32-32v-32c0-17.67-14.33-32-32-32z\"><\/path><\/svg><\/span><span class=\"eael-advanced-accordion-icon-opened\"><svg aria-hidden=\"true\" class=\"fa-accordion-icon e-font-icon-svg e-fas-minus\" viewbox=\"0 0 448 512\" xmlns=\"http:\/\/www.w3.org\/2000\/svg\"><path d=\"M416 208H32c-17.67 0-32 14.33-32 32v32c0 17.67 14.33 32 32 32h384c17.67 0 32-14.33 32-32v-32c0-17.67-14.33-32-32-32z\"><\/path><\/svg><\/span><span class=\"eael-accordion-tab-title\">Casting<\/span><\/div><div id=\"elementor-tab-content-9801\" class=\"eael-accordion-content clearfix\" data-tab=\"1\" aria-labelledby=\"distribution\"><p>Design, direction, scenography, puppets: \u00c9z\u00e9quiel Garcia-Romeu<\/p><p>Acting and puppeteering: \u00c9z\u00e9quiel Garcia-Romeu, Javier Swedzky (for South America)<\/p><\/div>\n\t\t\t\t\t<\/div><div class=\"eael-accordion-list\">\n\t\t\t\t\t<div id=\"dossier-artistique\" class=\"elementor-tab-title eael-accordion-header\" tabindex=\"0\" data-tab=\"2\" aria-controls=\"elementor-tab-content-9802\"><span class=\"eael-advanced-accordion-icon-closed\"><svg aria-hidden=\"true\" class=\"fa-accordion-icon e-font-icon-svg e-fas-plus\" viewbox=\"0 0 448 512\" xmlns=\"http:\/\/www.w3.org\/2000\/svg\"><path d=\"M416 208H272V64c0-17.67-14.33-32-32-32h-32c-17.67 0-32 14.33-32 32v144H32c-17.67 0-32 14.33-32 32v32c0 17.67 14.33 32 32 32h144v144c0 17.67 14.33 32 32 32h32c17.67 0 32-14.33 32-32V304h144c17.67 0 32-14.33 32-32v-32c0-17.67-14.33-32-32-32z\"><\/path><\/svg><\/span><span class=\"eael-advanced-accordion-icon-opened\"><svg aria-hidden=\"true\" class=\"fa-accordion-icon e-font-icon-svg e-fas-minus\" viewbox=\"0 0 448 512\" xmlns=\"http:\/\/www.w3.org\/2000\/svg\"><path d=\"M416 208H32c-17.67 0-32 14.33-32 32v32c0 17.67 14.33 32 32 32h384c17.67 0 32-14.33 32-32v-32c0-17.67-14.33-32-32-32z\"><\/path><\/svg><\/span><span class=\"eael-accordion-tab-title\">Artistic Dossier<\/span><\/div><div id=\"elementor-tab-content-9802\" class=\"eael-accordion-content clearfix\" data-tab=\"2\" aria-labelledby=\"dossier-artistique\"><p><a href=\"https:\/\/ezequiel-garcia-romeu.com\/wp-content\/uploads\/2024\/08\/DossierScriptographe-numerique-FRA.pdf\" target=\"_blank\" rel=\"noopener\">Ouvrir le Dossier Artistique (fran\u00e7ais)<\/a><\/p><p><a href=\"https:\/\/ezequiel-garcia-romeu.com\/wp-content\/uploads\/2024\/08\/DossierScriptographe-numerique-ENG.pdf\" target=\"_blank\" rel=\"noopener\">Open the Artistic Dossier (English)<\/a><\/p><\/div>\n\t\t\t\t\t<\/div><div class=\"eael-accordion-list\">\n\t\t\t\t\t<div id=\"fiche-technique\" class=\"elementor-tab-title eael-accordion-header\" tabindex=\"0\" data-tab=\"3\" aria-controls=\"elementor-tab-content-9803\"><span class=\"eael-advanced-accordion-icon-closed\"><svg aria-hidden=\"true\" class=\"fa-accordion-icon e-font-icon-svg e-fas-plus\" viewbox=\"0 0 448 512\" xmlns=\"http:\/\/www.w3.org\/2000\/svg\"><path d=\"M416 208H272V64c0-17.67-14.33-32-32-32h-32c-17.67 0-32 14.33-32 32v144H32c-17.67 0-32 14.33-32 32v32c0 17.67 14.33 32 32 32h144v144c0 17.67 14.33 32 32 32h32c17.67 0 32-14.33 32-32V304h144c17.67 0 32-14.33 32-32v-32c0-17.67-14.33-32-32-32z\"><\/path><\/svg><\/span><span class=\"eael-advanced-accordion-icon-opened\"><svg aria-hidden=\"true\" class=\"fa-accordion-icon e-font-icon-svg e-fas-minus\" viewbox=\"0 0 448 512\" xmlns=\"http:\/\/www.w3.org\/2000\/svg\"><path d=\"M416 208H32c-17.67 0-32 14.33-32 32v32c0 17.67 14.33 32 32 32h384c17.67 0 32-14.33 32-32v-32c0-17.67-14.33-32-32-32z\"><\/path><\/svg><\/span><span class=\"eael-accordion-tab-title\">Technical Rider<\/span><\/div><div id=\"elementor-tab-content-9803\" class=\"eael-accordion-content clearfix\" data-tab=\"3\" aria-labelledby=\"fiche-technique\"><p><a href=\"https:\/\/ezequiel-garcia-romeu.com\/wp-content\/uploads\/2024\/06\/240606-Le-Scriptographe-Fiche-Technique-FR.pdf\" target=\"_blank\" rel=\"noopener\">Ouvrir la Fiche technique (fran\u00e7ais)<\/a><\/p><p><a href=\"https:\/\/ezequiel-garcia-romeu.com\/wp-content\/uploads\/2024\/06\/240606-Le-Scriptographe-Fiche-Technique-ENG.pdf\" target=\"_blank\" rel=\"noopener\">Open the Technical rider (English)<\/a><\/p><\/div>\n\t\t\t\t\t<\/div><div class=\"eael-accordion-list\">\n\t\t\t\t\t<div id=\"reprsentations\" class=\"elementor-tab-title eael-accordion-header\" tabindex=\"0\" data-tab=\"4\" aria-controls=\"elementor-tab-content-9804\"><span class=\"eael-advanced-accordion-icon-closed\"><svg aria-hidden=\"true\" class=\"fa-accordion-icon e-font-icon-svg e-fas-plus\" viewbox=\"0 0 448 512\" xmlns=\"http:\/\/www.w3.org\/2000\/svg\"><path d=\"M416 208H272V64c0-17.67-14.33-32-32-32h-32c-17.67 0-32 14.33-32 32v144H32c-17.67 0-32 14.33-32 32v32c0 17.67 14.33 32 32 32h144v144c0 17.67 14.33 32 32 32h32c17.67 0 32-14.33 32-32V304h144c17.67 0 32-14.33 32-32v-32c0-17.67-14.33-32-32-32z\"><\/path><\/svg><\/span><span class=\"eael-advanced-accordion-icon-opened\"><svg aria-hidden=\"true\" class=\"fa-accordion-icon e-font-icon-svg e-fas-minus\" viewbox=\"0 0 448 512\" xmlns=\"http:\/\/www.w3.org\/2000\/svg\"><path d=\"M416 208H32c-17.67 0-32 14.33-32 32v32c0 17.67 14.33 32 32 32h384c17.67 0 32-14.33 32-32v-32c0-17.67-14.33-32-32-32z\"><\/path><\/svg><\/span><span class=\"eael-accordion-tab-title\">Representations<\/span><\/div><div id=\"elementor-tab-content-9804\" class=\"eael-accordion-content clearfix\" data-tab=\"4\" aria-labelledby=\"reprsentations\"><p>\n    <div class=\"accordion-container\">\n                    <div class=\"accordion-item\">\n                <button class=\"accordion-header\">2026<\/button>\n                <div class=\"accordion-content\">\n                    <ul class=\"events-list\"><li class=\"event-item\"><a href=\"https:\/\/ezequiel-garcia-romeu.com\/en\/event\/representations-le-scriptographe-festival-marto-theatre-des-sources-mediatheque-de-fontenay-aux-roses\/\">Performances : Le Scriptographe - Festival Marto, Th\u00e9\u00e2tre des Sources, M\u00e9diath\u00e8que de Fontenay-aux-Roses<\/a> <span class=\"event-date\">(20 March 2026)<\/span><\/li><\/ul>                <\/div>\n            <\/div>\n                    <div class=\"accordion-item\">\n                <button class=\"accordion-header\">2025<\/button>\n                <div class=\"accordion-content\">\n                    <ul class=\"events-list\"><li class=\"event-item\"><a href=\"https:\/\/ezequiel-garcia-romeu.com\/en\/event\/tournee-festival-materia-magica-le-petit-theatre-du-bout-du-monde-opus-ii-le-petit-theatre-du-bout-du-monde-opus-iii\/\">Performances :  Le Petit Th\u00e9\u00e2tre du Bout du Monde - Opus II &amp; Le Scriptographe - Festival Materia Magica, Klaip\u0117da, Lithuania<\/a> <span class=\"event-date\">(1 May 2025)<\/span><\/li><li class=\"event-item\"><a href=\"https:\/\/ezequiel-garcia-romeu.com\/en\/event\/representations-le-scriptographe-villa-puebla-barcelonnette\/\">Performances : Le Scriptographe - Villa Puebla, Barcelonnette<\/a> <span class=\"event-date\">(20 September 2025)<\/span><\/li><li class=\"event-item\"><a href=\"https:\/\/ezequiel-garcia-romeu.com\/en\/event\/representations-le-scriptographe-festival-anima-if-sa-manifattura-cagliari-italie\/\">Performances : Le Scriptographe - Festival Anima If, Sa Manifattura, Cagliari, Italy<\/a> <span class=\"event-date\">(31 October 2025)<\/span><\/li><\/ul>                <\/div>\n            <\/div>\n                    <div class=\"accordion-item\">\n                <button class=\"accordion-header\">2022<\/button>\n                <div class=\"accordion-content\">\n                    <ul class=\"events-list\"><li class=\"event-item\"><a href=\"https:\/\/ezequiel-garcia-romeu.com\/en\/event\/representations-le-scriptographe-la-meridienne-festival-santiago-a-mil-amphitheatre-bellas-artes-santiago-chili\/\">Performances : Le Scriptographe - Festival Santiago a Mil, Amphitheatre Bellas Artes, Santiago, Chile<\/a> <span class=\"event-date\">(11 January 2022)<\/span><\/li><li class=\"event-item\"><a href=\"https:\/\/ezequiel-garcia-romeu.com\/en\/event\/representations-le-scriptographe-festival-international-de-buenos-aires-fiba-hasta-trilce-argentine\/\">Performances : The Scriptographer - Buenos Aires International Festival (FIBA), Hasta Trilce, Argentina<\/a> <span class=\"event-date\">(1 March 2022)<\/span><\/li><li class=\"event-item\"><a href=\"https:\/\/ezequiel-garcia-romeu.com\/en\/event\/representations-le-scriptographe-festival-international-des-arts-sceniques-fidae-teatro-25-de-mayo-teatro-maccio-rocha-san-jose-de-may-uruguay\/\">Performances : Le Scriptographe - Festival International des Arts Sc\u00e9niques (FIDAE), Teatro 25 de Mayo &amp; Teatro Macci\u00f3, Rocha &amp; San Jos\u00e9 de May, Uruguay<\/a> <span class=\"event-date\">(5 October 2022)<\/span><\/li><\/ul>                <\/div>\n            <\/div>\n                    <div class=\"accordion-item\">\n                <button class=\"accordion-header\">2021<\/button>\n                <div class=\"accordion-content\">\n                    <ul class=\"events-list\"><li class=\"event-item\"><a href=\"https:\/\/ezequiel-garcia-romeu.com\/en\/event\/representations-le-scriptographe-festival-manca-cannes\/\">Performances : Le Scriptographe - Festival Manca, Cannes<\/a> <span class=\"event-date\">(15 June 2021)<\/span><\/li><li class=\"event-item\"><a href=\"https:\/\/ezequiel-garcia-romeu.com\/en\/event\/representations-le-scriptographe-festival-off-davignon\/\">Performances : Le Scriptographe - Festival off d'Avignon<\/a> <span class=\"event-date\">(4 July 2021)<\/span><\/li><li class=\"event-item\"><a href=\"https:\/\/ezequiel-garcia-romeu.com\/en\/event\/representations-le-scriptographe-gogolfest-kherson-ukraine\/\">Performances : The Scriptographer - GogolFest, Kherson, Ukraine<\/a> <span class=\"event-date\">(4 September 2021)<\/span><\/li><li class=\"event-item\"><a href=\"https:\/\/ezequiel-garcia-romeu.com\/en\/event\/representations-le-scriptographe-parade-fest-kharkiv-ukraine\/\">Performances : Le Scriptographe - Parade-fest, Kharkiv, Ukraine<\/a> <span class=\"event-date\">(9 September 2021)<\/span><\/li><li class=\"event-item\"><a href=\"https:\/\/ezequiel-garcia-romeu.com\/en\/event\/representations-le-scriptographe-festival-en-ribambelle-musee-des-civilisations-de-leurope-et-de-la-mediterranee-mucem-marseille\/\">Performances : Le Scriptographe - Festival En Ribambelle, Mus\u00e9e des civilisations de l'Europe et de la M\u00e9diterran\u00e9e (Mucem), Marseille<\/a> <span class=\"event-date\">(5 October 2021)<\/span><\/li><\/ul>                <\/div>\n            <\/div>\n                    <div class=\"accordion-item\">\n                <button class=\"accordion-header\">2020<\/button>\n                <div class=\"accordion-content\">\n                    <ul class=\"events-list\"><li class=\"event-item\"><a href=\"https:\/\/ezequiel-garcia-romeu.com\/en\/event\/representations-le-scriptographe-la-nuit-des-idees-institut-francais-de-saint-petersbourg-russie\/\">Performances : Le Scriptographe - La Nuit des Id\u00e9es, Institut fran\u00e7ais de Saint-P\u00e9tersbourg, Russia<\/a> <span class=\"event-date\">(30 January 2020)<\/span><\/li><\/ul>                <\/div>\n            <\/div>\n                    <div class=\"accordion-item\">\n                <button class=\"accordion-header\">2019<\/button>\n                <div class=\"accordion-content\">\n                    <ul class=\"events-list\"><li class=\"event-item\"><a href=\"https:\/\/ezequiel-garcia-romeu.com\/en\/event\/representations-le-scriptographe-plovdiv-capitale-europeenne-de-la-culture-bulgarie\/\">Performances : Le Scriptographe - Plovdiv European Capital of Culture, Bulgaria<\/a> <span class=\"event-date\">(17 April 2019)<\/span><\/li><li class=\"event-item\"><a href=\"https:\/\/ezequiel-garcia-romeu.com\/en\/event\/representations-le-scriptographe-festival-jeune-public-de-zajecar-serbie\/\">Performances : Le Scriptographe - Festival Jeune Public de Zaje\u010dar, Serbia<\/a> <span class=\"event-date\">(20 April 2019)<\/span><\/li><\/ul>                <\/div>\n            <\/div>\n            <\/div>\n\n    <style>\n    .accordion-container {\n        font-family: 'IBM Plex Sans', sans-serif;\n    }\n    .accordion-header {\n        width: 100%;\n        text-align: left;\n        background: #fff;\n        color: #000;\n        border: 1px solid #000;\n        padding: 12px 16px;\n        margin: 4px 0;\n        cursor: pointer;\n        font-size: 16px;\n        transition: all 0.3s ease;\n    }\n    .accordion-header.active {\n        background: #475976;\n        color: #fff;\n        border: none;\n    }\n    .accordion-content {\n        display: none;\n        padding: 10px 15px;\n        border-left: 1px solid #ccc;\n        border-right: 1px solid #ccc;\n        border-bottom: 1px solid #ccc;\n    }\n    .accordion-content ul.events-list {\n        list-style: none;\n        margin: 0;\n        padding: 0;\n    }\n    .accordion-content li.event-item {\n        margin: 5px 0;\n    }\n    .accordion-content li.event-item a {\n        color: #475976;\n        text-decoration: none;\n        font-weight: 500;\n    }\n    .accordion-content li.event-item a:hover {\n        text-decoration: underline;\n    }\n    <\/style>\n\n<script>\n(function(){\n  const container = document.querySelector('.accordion-container');\n  if (!container) return;\n\n  container.addEventListener('click', function(e){\n    const btn = e.target.closest('.accordion-header');\n    if (!btn) return;\n\n    const panel = btn.nextElementSibling;\n    if (!panel) return;\n\n    const isActive = btn.classList.contains('active');\n\n    \/\/ fermer tous les autres panneaux\n    container.querySelectorAll('.accordion-header').forEach(h => {\n      if (h !== btn) {\n        h.classList.remove('active');\n        const p = h.nextElementSibling;\n        if (p) {\n          p.style.maxHeight = null;\n          p.style.display = 'none';\n        }\n      }\n    });\n\n    if (!isActive) {\n        \/\/ ouvrir le panneau cliqu\u00e9\n        btn.classList.add('active');\n        panel.style.display = 'block';\n        panel.style.maxHeight = panel.scrollHeight + 'px';\n\n        \/\/ scroll sous le header fixe\n        const header = document.querySelector('header');\n        const headerHeight = header ? header.offsetHeight : 220; \/\/ fallback\n        const extraOffset = 10;\n        const btnPosition = btn.getBoundingClientRect().top + window.pageYOffset;\n        window.scrollTo({\n            top: btnPosition - headerHeight - extraOffset,\n            behavior: 'smooth'\n        });\n    } else {\n        \/\/ fermer le panneau cliqu\u00e9\n        btn.classList.remove('active');\n        panel.style.maxHeight = null;\n        panel.style.display = 'none';\n    }\n  });\n})();\n<\/script>\n\n    <\/p><\/div>\n\t\t\t\t\t<\/div><\/div>\t\t\t\t<\/div>\n\t\t\t\t<\/div>\n\t\t\t\t<div class=\"elementor-element elementor-element-5b63f88 elementor-widget elementor-widget-video\" data-id=\"5b63f88\" data-element_type=\"widget\" data-e-type=\"widget\" data-settings=\"{&quot;youtube_url&quot;:&quot;https:\\\/\\\/youtu.be\\\/5ZJ8D5wHOoI&quot;,&quot;video_type&quot;:&quot;youtube&quot;,&quot;controls&quot;:&quot;yes&quot;}\" data-widget_type=\"video.default\">\n\t\t\t\t<div class=\"elementor-widget-container\">\n\t\t\t\t\t\t\t<div class=\"elementor-wrapper elementor-open-inline\">\n\t\t\t<div class=\"elementor-video\"><\/div>\t\t<\/div>\n\t\t\t\t\t\t<\/div>\n\t\t\t\t<\/div>\n\t\t\t\t\t<\/div>\n\t\t<\/div>\n\t\t\t\t\t<\/div>\n\t\t<\/section>\n\t\t\t\t<\/div>","protected":false},"excerpt":{"rendered":"<p>Le Scriptographe Imaginez un monde souterrain d\u2019o\u00f9 un manipulateur d\u2019\u00eatres aux r\u00e9sonances spectrales, man\u0153uvre des trappes au milieu d\u2019une table et pr\u00e9sente en guise de repas, des motifs de vies [&hellip;]<\/p>\n","protected":false},"author":1,"featured_media":0,"parent":0,"menu_order":0,"comment_status":"closed","ping_status":"closed","template":"","meta":{"footnotes":""},"class_list":["post-1306","page","type-page","status-publish","hentry"],"_links":{"self":[{"href":"https:\/\/ezequiel-garcia-romeu.com\/en\/wp-json\/wp\/v2\/pages\/1306","targetHints":{"allow":["GET"]}}],"collection":[{"href":"https:\/\/ezequiel-garcia-romeu.com\/en\/wp-json\/wp\/v2\/pages"}],"about":[{"href":"https:\/\/ezequiel-garcia-romeu.com\/en\/wp-json\/wp\/v2\/types\/page"}],"author":[{"embeddable":true,"href":"https:\/\/ezequiel-garcia-romeu.com\/en\/wp-json\/wp\/v2\/users\/1"}],"replies":[{"embeddable":true,"href":"https:\/\/ezequiel-garcia-romeu.com\/en\/wp-json\/wp\/v2\/comments?post=1306"}],"version-history":[{"count":58,"href":"https:\/\/ezequiel-garcia-romeu.com\/en\/wp-json\/wp\/v2\/pages\/1306\/revisions"}],"predecessor-version":[{"id":3911,"href":"https:\/\/ezequiel-garcia-romeu.com\/en\/wp-json\/wp\/v2\/pages\/1306\/revisions\/3911"}],"wp:attachment":[{"href":"https:\/\/ezequiel-garcia-romeu.com\/en\/wp-json\/wp\/v2\/media?parent=1306"}],"curies":[{"name":"wp","href":"https:\/\/api.w.org\/{rel}","templated":true}]}}