{"id":1825,"date":"2024-05-20T11:14:46","date_gmt":"2024-05-20T09:14:46","guid":{"rendered":"https:\/\/ezequiel-garcia-romeu.com\/?page_id=1825"},"modified":"2024-05-20T11:18:23","modified_gmt":"2024-05-20T09:18:23","slug":"politique-de-confidentialite","status":"publish","type":"page","link":"https:\/\/ezequiel-garcia-romeu.com\/en\/politique-de-confidentialite\/","title":{"rendered":"Privacy policy"},"content":{"rendered":"<div data-elementor-type=\"wp-page\" data-elementor-id=\"1825\" class=\"elementor elementor-1825\">\n\t\t\t\t\t\t<section class=\"elementor-section elementor-top-section elementor-element elementor-element-9cd5e78 elementor-section-boxed elementor-section-height-default elementor-section-height-default\" data-id=\"9cd5e78\" data-element_type=\"section\" data-e-type=\"section\">\n\t\t\t\t\t\t<div class=\"elementor-container elementor-column-gap-default\">\n\t\t\t\t\t<div class=\"elementor-column elementor-col-100 elementor-top-column elementor-element elementor-element-1d04c52\" data-id=\"1d04c52\" data-element_type=\"column\" data-e-type=\"column\">\n\t\t\t<div class=\"elementor-widget-wrap elementor-element-populated\">\n\t\t\t\t\t\t<div class=\"elementor-element elementor-element-eb84a1d elementor-widget elementor-widget-text-editor\" data-id=\"eb84a1d\" data-element_type=\"widget\" data-e-type=\"widget\" data-widget_type=\"text-editor.default\">\n\t\t\t\t<div class=\"elementor-widget-container\">\n\t\t\t\t\t\t\t\t\t<header class=\"page-header\"><h1 class=\"entry-title\">Cookie policy (EU)<\/h1><\/header><div class=\"page-content\"><div id=\"cmplz-document\" class=\"cmplz-document cookie-statement cmplz-document-eu\"><p><i>This cookies policy was last updated on 18 May 2024 and applies to citizens and legal permanent residents of the European Economic Area and Switzerland.<\/i><\/p><h2>1. Introduction<\/h2><p>Our website,\u00a0<a href=\"https:\/\/ezequiel-garcia-romeu.com\/en\/\">https:\/\/ezequiel-garcia-romeu.com<\/a>\u00a0(hereinafter referred to as \"the website\") uses cookies and other related technologies (for simplicity, all these technologies are referred to as \"cookies\"). Cookies are also placed by third parties engaged by us. In the document below, we inform you about the use of cookies on our website.<\/p><h2>2. What are cookies?<\/h2><p>A cookie is a small, simple file sent with the pages of this website and stored by your browser on the hard drive of your computer or other device. The information stored in it may be sent back to our servers or to the servers of the third parties concerned during a subsequent visit.<\/p><h2>3. What are scripts?<\/h2><p>A script is a piece of code used to ensure that our website functions correctly and interactively. This code is executed on our server or on your device.<\/p><h2>4. What is an invisible tag?<\/h2><p>An invisible tag (or web beacon) is a small piece of text or image invisible on a website, used to track traffic on a website. In order to do this, various data about you is stored using invisible tags.<\/p><h2>5. Cookies<\/h2><p class=\"cmplz-subtitle\">5.1 Technical or functional cookies<\/p><p>Certain cookies ensure that certain parts of the website function correctly and that your preferences as a web user are taken into account. By setting functional cookies, we make it easier for you to visit our website. For example, you do not need to enter the same information several times when visiting our website and items remain in your shopping basket until you pay. We may set these cookies without your consent.<\/p><p class=\"cmplz-subtitle\">5.2 Statistical cookies<\/p><p>We use statistical cookies to optimise the experience of visitors to our website. With these statistical cookies, we obtain information on the use of our website. We ask for your permission to place statistical cookies.<\/p><p class=\"cmplz-subtitle\">5.3 Marketing\/tracking cookies<\/p><p>Marketing\/tracking cookies are cookies or any other form of local storage used to create user profiles in order to display advertising or to track the user on this website or on several websites for similar marketing purposes.<\/p><p class=\"cmplz-subtitle\">5.4 Social networks<\/p><p>On our website, we have included content from Instagram and Facebook to promote web pages (e.g. \"like\", \"pin\") or share them (e.g. \"tweet\") on social networks such as Instagram and Facebook. This content is integrated using code obtained from Instagram and Facebook and sets cookies. This content may store and process certain information for personalised advertising purposes.<\/p><p>Please read the privacy statement of these social networks (which may be amended from time to time) to find out what they do with your (personal) data processed using these cookies. The data collected is anonymised as far as possible. Instagram and Facebook are located in the United States.<\/p><h2>6. Cookies placed<\/h2><div id=\"cmplz-cookies-overview\"><details class=\"cmplz-dropdown cmplz-service-desc cmplz-dropdown-cookiepolicy\"><div><h3>Elementor<\/h3><p>Statistics (anonymous)<\/p><label class=\"cmplz_consent_per_service_label\" for=\"cmplz_service_elementor\"><span class=\"screen-reader-text\">Consent to service elementor<\/span><\/label><\/div><div class=\"cmplz-service-description\"><h4>\u00a0<\/h4><p>\u00a0<\/p><\/div><div class=\"cmplz-sharing-data\"><h4>\u00a0<\/h4><p>\u00a0<\/p><\/div><div class=\"cookies-per-purpose\"><div class=\"purpose\"><h4>\u00a0<\/h4><\/div><div class=\"name-header\"><h5>\u00a0<\/h5><\/div><div class=\"name\">\u00a0<\/div><div class=\"retention-header\"><h5>\u00a0<\/h5><\/div><div class=\"retention\">\u00a0<\/div><div class=\"function-header\"><h5>\u00a0<\/h5><\/div><div class=\"function\">\u00a0<\/div><\/div><\/details><details class=\"cmplz-dropdown cmplz-service-desc cmplz-dropdown-cookiepolicy\"><div><h3>WordPress<\/h3><p>Functional<\/p><label class=\"cmplz_consent_per_service_label\" for=\"cmplz_service_wordpress\"><span class=\"screen-reader-text\">Consent to service wordpress<\/span><\/label><\/div><div class=\"cmplz-service-description\"><h4>\u00a0<\/h4><p>\u00a0<\/p><\/div><div class=\"cmplz-sharing-data\"><h4>\u00a0<\/h4><p>\u00a0<\/p><\/div><div class=\"cookies-per-purpose\"><div class=\"purpose\"><h4>\u00a0<\/h4><\/div><div class=\"name-header\"><h5>\u00a0<\/h5><\/div><div class=\"name\">\u00a0<\/div><div class=\"retention-header\"><h5>\u00a0<\/h5><\/div><div class=\"retention\">\u00a0<\/div><div class=\"function-header\"><h5>\u00a0<\/h5><\/div><div class=\"function\">\u00a0<\/div><\/div><\/details><details class=\"cmplz-dropdown cmplz-service-desc cmplz-dropdown-cookiepolicy\"><div><h3>Google Analytics<\/h3><p>Statistics<\/p><label class=\"cmplz_consent_per_service_label\" for=\"cmplz_service_google-analytics\"><span class=\"screen-reader-text\">Consent to service google-analytics<\/span><\/label><\/div><div class=\"cmplz-service-description\"><h4>\u00a0<\/h4><p>\u00a0<\/p><\/div><div class=\"cmplz-sharing-data\"><h4>\u00a0<\/h4><p>\u00a0<\/p><\/div><div class=\"cookies-per-purpose\"><div class=\"purpose\"><h4>\u00a0<\/h4><\/div><div class=\"name-header\"><h5>\u00a0<\/h5><\/div><div class=\"name\">\u00a0<\/div><div class=\"retention-header\"><h5>\u00a0<\/h5><\/div><div class=\"retention\">\u00a0<\/div><div class=\"function-header\"><h5>\u00a0<\/h5><\/div><div class=\"function\">\u00a0<\/div><div class=\"name-header\"><h5>\u00a0<\/h5><\/div><div class=\"name\">\u00a0<\/div><div class=\"retention-header\"><h5>\u00a0<\/h5><\/div><div class=\"retention\">\u00a0<\/div><div class=\"function-header\"><h5>\u00a0<\/h5><\/div><div class=\"function\">\u00a0<\/div><\/div><\/details><details class=\"cmplz-dropdown cmplz-service-desc cmplz-dropdown-cookiepolicy\"><div><h3>Miscellaneous<\/h3><p>Purpose pending investigation<\/p><label class=\"cmplz_consent_per_service_label\" for=\"cmplz_service_divers\"><span class=\"screen-reader-text\">Consent to service divers<\/span><\/label><\/div><div class=\"cmplz-service-description\"><h4>\u00a0<\/h4><p>\u00a0<\/p><\/div><div class=\"cmplz-sharing-data\"><h4>\u00a0<\/h4><p>\u00a0<\/p><\/div><div class=\"cookies-per-purpose\"><div class=\"purpose\"><h4>\u00a0<\/h4><\/div><div class=\"name-header\"><h5>\u00a0<\/h5><\/div><div class=\"name\">\u00a0<\/div><div class=\"retention-header\"><h5>\u00a0<\/h5><\/div><div class=\"retention\">\u00a0<\/div><div class=\"function-header\"><h5>\u00a0<\/h5><\/div><div class=\"function\">\u00a0<\/div><div class=\"name-header\"><h5>\u00a0<\/h5><\/div><div class=\"name\">\u00a0<\/div><div class=\"retention-header\"><h5>\u00a0<\/h5><\/div><div class=\"retention\">\u00a0<\/div><div class=\"function-header\"><h5>\u00a0<\/h5><\/div><div class=\"function\">\u00a0<\/div><div class=\"name-header\"><h5>\u00a0<\/h5><\/div><div class=\"name\">\u00a0<\/div><div class=\"retention-header\"><h5>\u00a0<\/h5><\/div><div class=\"retention\">\u00a0<\/div><div class=\"function-header\"><h5>\u00a0<\/h5><\/div><div class=\"function\">\u00a0<\/div><div class=\"name-header\"><h5>\u00a0<\/h5><\/div><div class=\"name\">\u00a0<\/div><div class=\"retention-header\"><h5>\u00a0<\/h5><\/div><div class=\"retention\">\u00a0<\/div><div class=\"function-header\"><h5>\u00a0<\/h5><\/div><div class=\"function\">\u00a0<\/div><div class=\"name-header\"><h5>\u00a0<\/h5><\/div><div class=\"name\">\u00a0<\/div><div class=\"retention-header\"><h5>\u00a0<\/h5><\/div><div class=\"retention\">\u00a0<\/div><div class=\"function-header\"><h5>\u00a0<\/h5><\/div><div class=\"function\">\u00a0<\/div><div class=\"name-header\"><h5>\u00a0<\/h5><\/div><div class=\"name\">\u00a0<\/div><div class=\"retention-header\"><h5>\u00a0<\/h5><\/div><div class=\"retention\">\u00a0<\/div><div class=\"function-header\"><h5>\u00a0<\/h5><\/div><div class=\"function\">\u00a0<\/div><div class=\"name-header\"><h5>\u00a0<\/h5><\/div><div class=\"name\">\u00a0<\/div><div class=\"retention-header\"><h5>\u00a0<\/h5><\/div><div class=\"retention\">\u00a0<\/div><div class=\"function-header\"><h5>\u00a0<\/h5><\/div><div class=\"function\">\u00a0<\/div><\/div><\/details><\/div><h2>7. Consent<\/h2><p>When you visit our website for the first time, we will show you a pop-up window with an explanation about cookies. As soon as you click on \"Save preferences\" you authorise us to use the categories of cookies and extensions that you have selected in the pop-up window, as described in this Cookie Policy. You can disable the use of cookies via your browser, but please note that our website may no longer function correctly.<\/p><p class=\"cmplz-subtitle\">7.1 Manage your consent settings<\/p><div id=\"cmplz-manage-consent-container\" class=\"cmplz-manage-consent-container\"><div class=\"cmplz-categories\"><details class=\"cmplz-category cmplz-functional\"><summary><span class=\"cmplz-category-header\"><span class=\"cmplz-category-title\">Functional<\/span><span class=\"cmplz-always-active\">Always on<\/span><\/span><\/summary><div class=\"cmplz-description\">\u00a0<\/div><\/details><details class=\"cmplz-category cmplz-statistics\"><summary><span class=\"cmplz-category-header\"><span class=\"cmplz-category-title\">Statistics<\/span><span class=\"cmplz-banner-checkbox\"><input id=\"cmplz-statistics-optin\" class=\"cmplz-consent-checkbox cmplz-statistics\" size=\"40\" type=\"checkbox\" value=\"1\" data-category=\"cmplz_statistics\" \/><label class=\"cmplz-label\" tabindex=\"0\" for=\"cmplz-statistics-optin\"><span class=\"screen-reader-text\">Statistics<\/span><\/label><\/span><\/span><\/summary><div class=\"cmplz-description\">\u00a0<\/div><\/details><details class=\"cmplz-category cmplz-marketing\"><summary><span class=\"cmplz-category-header\"><span class=\"cmplz-category-title\">Marketing<\/span><span class=\"cmplz-banner-checkbox\"><input id=\"cmplz-marketing-optin\" class=\"cmplz-consent-checkbox cmplz-marketing\" size=\"40\" type=\"checkbox\" value=\"1\" data-category=\"cmplz_marketing\" \/><label class=\"cmplz-label\" tabindex=\"0\" for=\"cmplz-marketing-optin\"><span class=\"screen-reader-text\">Marketing<\/span><\/label><\/span><\/span><\/summary><div class=\"cmplz-description\">\u00a0<\/div><\/details><\/div><\/div><h2>8. Activating\/deactivating and deleting cookies<\/h2><p>You can use your web browser to delete cookies automatically or manually. You can also specify that certain cookies cannot be placed. Another option is to change your browser settings so that you receive a message each time a cookie is set. For more information on these options, please refer to the instructions in the Help section of your browser.<\/p><p>Please note that our website may not work properly if all cookies are disabled. If you delete cookies from your browser, they will be placed again with your consent when you revisit our website.<\/p><h2>9. Your rights concerning personal data<\/h2><p>You have the following rights with regard to your personal data:<\/p><ul><li>You have the right to know why your personal data is needed, what will happen to it and how long it will be kept.<\/li><li>Right of access: you have the right to access your personal data known to us.<\/li><li>Right of rectification: you have the right at any time to add to, correct, delete or block your personal data.<\/li><li>If you give us your consent to process your data, you have the right to revoke that consent and have your personal data deleted.<\/li><li>Right to transfer your data: you have the right to request all your personal data from the data controller and to transfer it in its entirety to another data controller.<\/li><li>Right to object: you may object to the processing of your data. We will comply, unless there are grounds for doing so.<\/li><\/ul><p>To exercise these rights, please contact us. Please refer to the contact details at the bottom of this cookie policy. If you have a complaint about the way we process your data, we would like to hear about it, but you also have the right to lodge a complaint with the supervisory authority (the data protection authority).<\/p><h2>10. Contact details<\/h2><p>If you have any questions and\/or comments about our cookie policy and this statement, please contact us using the following details:<\/p><p><span class=\"cmplz-contact-organisation\">Th\u00e9\u00e2tre de la Massue<\/span><br \/><span class=\"cmplz-contact-address\">89 route de Turin - 06300 Nice<\/span><br \/><span class=\"cmplz-contact-country\">France<\/span><br \/>Website :\u00a0<span class=\"cmplz-contact-domain\"><a href=\"https:\/\/ezequiel-garcia-romeu.com\/en\/\">https:\/\/ezequiel-garcia-romeu.com<\/a><\/span><br \/>E-mail :\u00a0<span class=\"cmplz-contact-email\">contact@ezequiel-garcia-romeu.com<\/span><\/p><p>This cookie policy has been synchronised with\u00a0<a href=\"https:\/\/cookiedatabase.org\/\" target=\"_blank\" rel=\"noopener\">cookiedatabase.org<\/a>\u00a0on 18 May 2024.<\/p><\/div><\/div>\t\t\t\t\t\t\t\t<\/div>\n\t\t\t\t<\/div>\n\t\t\t\t\t<\/div>\n\t\t<\/div>\n\t\t\t\t\t<\/div>\n\t\t<\/section>\n\t\t\t\t<\/div>","protected":false},"excerpt":{"rendered":"<p>Politique de cookies (UE) Cette politique de cookies a \u00e9t\u00e9 mise \u00e0 jour pour la derni\u00e8re fois le 18 mai 2024 et s\u2019applique aux citoyens et aux r\u00e9sidents permanents l\u00e9gaux [&hellip;]<\/p>\n","protected":false},"author":1,"featured_media":0,"parent":0,"menu_order":0,"comment_status":"closed","ping_status":"closed","template":"","meta":{"footnotes":""},"class_list":["post-1825","page","type-page","status-publish","hentry"],"_links":{"self":[{"href":"https:\/\/ezequiel-garcia-romeu.com\/en\/wp-json\/wp\/v2\/pages\/1825","targetHints":{"allow":["GET"]}}],"collection":[{"href":"https:\/\/ezequiel-garcia-romeu.com\/en\/wp-json\/wp\/v2\/pages"}],"about":[{"href":"https:\/\/ezequiel-garcia-romeu.com\/en\/wp-json\/wp\/v2\/types\/page"}],"author":[{"embeddable":true,"href":"https:\/\/ezequiel-garcia-romeu.com\/en\/wp-json\/wp\/v2\/users\/1"}],"replies":[{"embeddable":true,"href":"https:\/\/ezequiel-garcia-romeu.com\/en\/wp-json\/wp\/v2\/comments?post=1825"}],"version-history":[{"count":7,"href":"https:\/\/ezequiel-garcia-romeu.com\/en\/wp-json\/wp\/v2\/pages\/1825\/revisions"}],"predecessor-version":[{"id":1832,"href":"https:\/\/ezequiel-garcia-romeu.com\/en\/wp-json\/wp\/v2\/pages\/1825\/revisions\/1832"}],"wp:attachment":[{"href":"https:\/\/ezequiel-garcia-romeu.com\/en\/wp-json\/wp\/v2\/media?parent=1825"}],"curies":[{"name":"wp","href":"https:\/\/api.w.org\/{rel}","templated":true}]}}