{"id":2098,"date":"2024-06-10T17:25:21","date_gmt":"2024-06-10T15:25:21","guid":{"rendered":"https:\/\/ezequiel-garcia-romeu.com\/?page_id=2098"},"modified":"2024-09-11T12:01:40","modified_gmt":"2024-09-11T10:01:40","slug":"fabrique","status":"publish","type":"page","link":"https:\/\/ezequiel-garcia-romeu.com\/en\/fabrique\/","title":{"rendered":"Studio"},"content":{"rendered":"<div data-elementor-type=\"wp-page\" data-elementor-id=\"2098\" class=\"elementor elementor-2098\">\n\t\t\t\t\t\t<section class=\"elementor-section elementor-top-section elementor-element elementor-element-3401503 elementor-section-full_width elementor-section-height-default elementor-section-height-default\" data-id=\"3401503\" data-element_type=\"section\" data-e-type=\"section\" data-settings=\"{&quot;background_background&quot;:&quot;classic&quot;}\">\n\t\t\t\t\t\t\t<div class=\"elementor-background-overlay\"><\/div>\n\t\t\t\t\t\t\t<div class=\"elementor-container elementor-column-gap-default\">\n\t\t\t\t\t<div class=\"elementor-column elementor-col-100 elementor-top-column elementor-element elementor-element-f80702a\" data-id=\"f80702a\" data-element_type=\"column\" data-e-type=\"column\">\n\t\t\t<div class=\"elementor-widget-wrap elementor-element-populated\">\n\t\t\t\t\t\t<section class=\"elementor-section elementor-inner-section elementor-element elementor-element-ab54260 elementor-section-boxed elementor-section-height-default elementor-section-height-default\" data-id=\"ab54260\" data-element_type=\"section\" data-e-type=\"section\">\n\t\t\t\t\t\t<div class=\"elementor-container elementor-column-gap-default\">\n\t\t\t\t\t<div class=\"elementor-column elementor-col-50 elementor-inner-column elementor-element elementor-element-6bb429f\" data-id=\"6bb429f\" data-element_type=\"column\" data-e-type=\"column\">\n\t\t\t<div class=\"elementor-widget-wrap elementor-element-populated\">\n\t\t\t\t\t\t<div class=\"elementor-element elementor-element-9e5a6e0 elementor-widget elementor-widget-heading\" data-id=\"9e5a6e0\" data-element_type=\"widget\" data-e-type=\"widget\" data-widget_type=\"heading.default\">\n\t\t\t\t<div class=\"elementor-widget-container\">\n\t\t\t\t\t<h2 class=\"elementor-heading-title elementor-size-default\"><a href=\"#atelier\">The Studio<\/a><\/h2>\t\t\t\t<\/div>\n\t\t\t\t<\/div>\n\t\t\t\t\t<\/div>\n\t\t<\/div>\n\t\t\t\t<div class=\"elementor-column elementor-col-50 elementor-inner-column elementor-element elementor-element-31d181b\" data-id=\"31d181b\" data-element_type=\"column\" data-e-type=\"column\">\n\t\t\t<div class=\"elementor-widget-wrap elementor-element-populated\">\n\t\t\t\t\t\t<div class=\"elementor-element elementor-element-0213c84 elementor-widget elementor-widget-heading\" data-id=\"0213c84\" data-element_type=\"widget\" data-e-type=\"widget\" data-widget_type=\"heading.default\">\n\t\t\t\t<div class=\"elementor-widget-container\">\n\t\t\t\t\t<h2 class=\"elementor-heading-title elementor-size-default\"><a href=\"#laboratoire\">Laboratory<\/a><\/h2>\t\t\t\t<\/div>\n\t\t\t\t<\/div>\n\t\t\t\t\t<\/div>\n\t\t<\/div>\n\t\t\t\t\t<\/div>\n\t\t<\/section>\n\t\t\t\t\t<\/div>\n\t\t<\/div>\n\t\t\t\t\t<\/div>\n\t\t<\/section>\n\t\t\t\t<section class=\"elementor-section elementor-top-section elementor-element elementor-element-87dd9c7 elementor-section-boxed elementor-section-height-default elementor-section-height-default\" data-id=\"87dd9c7\" data-element_type=\"section\" data-e-type=\"section\">\n\t\t\t\t\t\t<div class=\"elementor-container elementor-column-gap-default\">\n\t\t\t\t\t<div class=\"elementor-column elementor-col-100 elementor-top-column elementor-element elementor-element-9e93fe5\" data-id=\"9e93fe5\" data-element_type=\"column\" data-e-type=\"column\">\n\t\t\t<div class=\"elementor-widget-wrap elementor-element-populated\">\n\t\t\t\t\t\t<div class=\"elementor-element elementor-element-41cebb1 elementor-widget elementor-widget-heading\" data-id=\"41cebb1\" data-element_type=\"widget\" data-e-type=\"widget\" id=\"atelier\" data-widget_type=\"heading.default\">\n\t\t\t\t<div class=\"elementor-widget-container\">\n\t\t\t\t\t<h2 class=\"elementor-heading-title elementor-size-default\">The Studio<\/h2>\t\t\t\t<\/div>\n\t\t\t\t<\/div>\n\t\t\t\t<div class=\"elementor-element elementor-element-09d9510 elementor-widget elementor-widget-text-editor\" data-id=\"09d9510\" data-element_type=\"widget\" data-e-type=\"widget\" data-widget_type=\"text-editor.default\">\n\t\t\t\t<div class=\"elementor-widget-container\">\n\t\t\t\t\t\t\t\t\t<p><span style=\"font-weight: 400;\">The Th\u00e9\u00e2tre de la Massue, in association with l'Entre-Pont, makes its 200 m\u00b2 working space (contemporary puppet laboratories, set and prop construction workshop) available to around ten companies working in all disciplines of contemporary puppetry, in return for a simple annual membership fee, <\/span><span style=\"font-weight: 400;\">as part of :<\/span><\/p>\n<ul>\n<li style=\"font-weight: 400;\" aria-level=\"1\"><span style=\"font-weight: 400;\">projects involving the creation of shows, professional events or research;<br><\/span><\/li>\n<\/ul>\n<ul>\n<li style=\"font-weight: 400;\" aria-level=\"1\"><span style=\"font-weight: 400;\">organising weekly artistic workshops or one-off courses for amateurs and\/or professionals;<br><\/span><\/li>\n<li style=\"font-weight: 400;\" aria-level=\"1\"><span style=\"font-weight: 400;\">companionships or supported residencies ;<br><\/span><\/li>\n<li>programming shows and cultural events<span style=\"font-weight: 400;\"> ;<br><\/span><\/li>\n<li><span style=\"font-weight: 400;\">the event <\/span><i><span style=\"font-weight: 400;\">\u00c9clairage Public<\/span><\/i><span style=\"font-weight: 400;\"> in partnership with the Ville de Nice;<br><\/span><\/li>\n<li><span style=\"font-weight: 400;\">artistic evenings <em>Ap\u00e9rodesastres<\/em> ;<br><\/span><\/li>\n<li style=\"font-weight: 400;\" aria-level=\"1\">professional training courses run by the managing companies, <span style=\"font-weight: 400;\">in partnership with the Universit\u00e9 C\u00f4te d'Azur, UCArt.<\/span><\/li>\n<\/ul>\t\t\t\t\t\t\t\t<\/div>\n\t\t\t\t<\/div>\n\t\t\t\t<div class=\"elementor-element elementor-element-425c8d5 elementor-widget elementor-widget-video\" data-id=\"425c8d5\" data-element_type=\"widget\" data-e-type=\"widget\" data-settings=\"{&quot;youtube_url&quot;:&quot;https:\\\/\\\/youtu.be\\\/A4fSzOaZwsw&quot;,&quot;video_type&quot;:&quot;youtube&quot;,&quot;controls&quot;:&quot;yes&quot;}\" data-widget_type=\"video.default\">\n\t\t\t\t<div class=\"elementor-widget-container\">\n\t\t\t\t\t\t\t<div class=\"elementor-wrapper elementor-open-inline\">\n\t\t\t<div class=\"elementor-video\"><\/div>\t\t<\/div>\n\t\t\t\t\t\t<\/div>\n\t\t\t\t<\/div>\n\t\t\t\t\t<\/div>\n\t\t<\/div>\n\t\t\t\t\t<\/div>\n\t\t<\/section>\n\t\t\t\t<section class=\"elementor-section elementor-top-section elementor-element elementor-element-1e45ecd elementor-section-boxed elementor-section-height-default elementor-section-height-default\" data-id=\"1e45ecd\" data-element_type=\"section\" data-e-type=\"section\">\n\t\t\t\t\t\t<div class=\"elementor-container elementor-column-gap-default\">\n\t\t\t\t\t<div class=\"elementor-column elementor-col-100 elementor-top-column elementor-element elementor-element-c1caf30\" data-id=\"c1caf30\" data-element_type=\"column\" data-e-type=\"column\">\n\t\t\t<div class=\"elementor-widget-wrap elementor-element-populated\">\n\t\t\t\t\t\t<div class=\"elementor-element elementor-element-b5b7640 elementor-widget elementor-widget-heading\" data-id=\"b5b7640\" data-element_type=\"widget\" data-e-type=\"widget\" id=\"laboratoire\" data-widget_type=\"heading.default\">\n\t\t\t\t<div class=\"elementor-widget-container\">\n\t\t\t\t\t<h2 class=\"elementor-heading-title elementor-size-default\">Laboratory<\/h2>\t\t\t\t<\/div>\n\t\t\t\t<\/div>\n\t\t\t\t<div class=\"elementor-element elementor-element-d55a031 elementor-vertical-align-middle elementor-widget elementor-widget-image-box\" data-id=\"d55a031\" data-element_type=\"widget\" data-e-type=\"widget\" data-widget_type=\"image-box.default\">\n\t\t\t\t<div class=\"elementor-widget-container\">\n\t\t\t\t\t<div class=\"elementor-image-box-wrapper\"><div class=\"elementor-image-box-content\"><h3 class=\"elementor-image-box-title\">Creative Europe Laboratories INEUPUP - INnovative EUropean PUPpetry 2018-2022<\/h3><p class=\"elementor-image-box-description\">This European project, managed and developed by the Th\u00e9\u00e2tre de la Massue - Cie \u00c9z\u00e9quiel Garcia-Romeu, offers workshops in research, knowledge exchange and transmission, with 4 international and national partners, including the Universit\u00e9 C\u00f4te d'Azur (UCA), with its Performing Arts department. \n<br \/><br \/>\nINEUPUP promotes the study of puppetry heritage both by digitising its heritage and by implementing new digital tools with a view to exchanging knowledge. Various meeting modules and research workshops, co-organised with the EUR CREATES of the Universit\u00e9 C\u00f4te d'Azur, have been organised in the Puppet Space of the Entre-Pont throughout 2018-2019 and 2021-2022.<\/p><\/div><\/div>\t\t\t\t<\/div>\n\t\t\t\t<\/div>\n\t\t\t\t\t<\/div>\n\t\t<\/div>\n\t\t\t\t\t<\/div>\n\t\t<\/section>\n\t\t\t\t<\/div>","protected":false},"excerpt":{"rendered":"<p>L&rsquo;Atelier Laboratoire L&rsquo;Atelier Le Th\u00e9\u00e2tre de la Massue, en association avec l\u2019Entre-Pont, met \u00e0 disposition ses espaces de travail de 200 m\u00b2 (laboratoires de marionnettes contemporaines, atelier de construction de [&hellip;]<\/p>\n","protected":false},"author":1,"featured_media":0,"parent":0,"menu_order":0,"comment_status":"closed","ping_status":"closed","template":"","meta":{"footnotes":""},"class_list":["post-2098","page","type-page","status-publish","hentry"],"_links":{"self":[{"href":"https:\/\/ezequiel-garcia-romeu.com\/en\/wp-json\/wp\/v2\/pages\/2098","targetHints":{"allow":["GET"]}}],"collection":[{"href":"https:\/\/ezequiel-garcia-romeu.com\/en\/wp-json\/wp\/v2\/pages"}],"about":[{"href":"https:\/\/ezequiel-garcia-romeu.com\/en\/wp-json\/wp\/v2\/types\/page"}],"author":[{"embeddable":true,"href":"https:\/\/ezequiel-garcia-romeu.com\/en\/wp-json\/wp\/v2\/users\/1"}],"replies":[{"embeddable":true,"href":"https:\/\/ezequiel-garcia-romeu.com\/en\/wp-json\/wp\/v2\/comments?post=2098"}],"version-history":[{"count":29,"href":"https:\/\/ezequiel-garcia-romeu.com\/en\/wp-json\/wp\/v2\/pages\/2098\/revisions"}],"predecessor-version":[{"id":2438,"href":"https:\/\/ezequiel-garcia-romeu.com\/en\/wp-json\/wp\/v2\/pages\/2098\/revisions\/2438"}],"wp:attachment":[{"href":"https:\/\/ezequiel-garcia-romeu.com\/en\/wp-json\/wp\/v2\/media?parent=2098"}],"curies":[{"name":"wp","href":"https:\/\/api.w.org\/{rel}","templated":true}]}}