{"id":2226,"date":"2024-09-06T10:19:30","date_gmt":"2024-09-06T08:19:30","guid":{"rendered":"https:\/\/ezequiel-garcia-romeu.com\/?page_id=2226"},"modified":"2024-09-06T10:21:32","modified_gmt":"2024-09-06T08:21:32","slug":"micromegas","status":"publish","type":"page","link":"https:\/\/ezequiel-garcia-romeu.com\/en\/micromegas\/","title":{"rendered":"Micromegas"},"content":{"rendered":"<div data-elementor-type=\"wp-page\" data-elementor-id=\"2226\" class=\"elementor elementor-2226\">\n\t\t\t\t\t\t<section class=\"elementor-section elementor-top-section elementor-element elementor-element-79b39ac elementor-section-boxed elementor-section-height-default elementor-section-height-default\" data-id=\"79b39ac\" data-element_type=\"section\" data-e-type=\"section\">\n\t\t\t\t\t\t<div class=\"elementor-container elementor-column-gap-default\">\n\t\t\t\t\t<div class=\"elementor-column elementor-col-100 elementor-top-column elementor-element elementor-element-190207c\" data-id=\"190207c\" data-element_type=\"column\" data-e-type=\"column\">\n\t\t\t<div class=\"elementor-widget-wrap elementor-element-populated\">\n\t\t\t\t\t\t<div class=\"elementor-element elementor-element-cb65ed9 elementor-widget elementor-widget-heading\" data-id=\"cb65ed9\" data-element_type=\"widget\" data-e-type=\"widget\" data-widget_type=\"heading.default\">\n\t\t\t\t<div class=\"elementor-widget-container\">\n\t\t\t\t\t<h2 class=\"elementor-heading-title elementor-size-default\">Micromegas<\/h2>\t\t\t\t<\/div>\n\t\t\t\t<\/div>\n\t\t\t\t\t<\/div>\n\t\t<\/div>\n\t\t\t\t\t<\/div>\n\t\t<\/section>\n\t\t\t\t<section class=\"elementor-section elementor-top-section elementor-element elementor-element-528b29e elementor-section-boxed elementor-section-height-default elementor-section-height-default\" data-id=\"528b29e\" data-element_type=\"section\" data-e-type=\"section\">\n\t\t\t\t\t\t<div class=\"elementor-container elementor-column-gap-default\">\n\t\t\t\t\t<div class=\"elementor-column elementor-col-100 elementor-top-column elementor-element elementor-element-2cee8e2\" data-id=\"2cee8e2\" data-element_type=\"column\" data-e-type=\"column\">\n\t\t\t<div class=\"elementor-widget-wrap elementor-element-populated\">\n\t\t\t\t\t\t<div class=\"elementor-element elementor-element-cc25399 elementor-widget elementor-widget-image\" data-id=\"cc25399\" data-element_type=\"widget\" data-e-type=\"widget\" data-widget_type=\"image.default\">\n\t\t\t\t<div class=\"elementor-widget-container\">\n\t\t\t\t\t\t\t\t\t\t\t\t\t\t\t<img fetchpriority=\"high\" decoding=\"async\" width=\"800\" height=\"600\" src=\"https:\/\/ezequiel-garcia-romeu.com\/wp-content\/uploads\/2024\/09\/micromegas_photo_5-1024x768.jpg\" class=\"attachment-large size-large wp-image-2227\" alt=\"\" srcset=\"https:\/\/ezequiel-garcia-romeu.com\/wp-content\/uploads\/2024\/09\/micromegas_photo_5-1024x768.jpg 1024w, https:\/\/ezequiel-garcia-romeu.com\/wp-content\/uploads\/2024\/09\/micromegas_photo_5-300x225.jpg 300w, https:\/\/ezequiel-garcia-romeu.com\/wp-content\/uploads\/2024\/09\/micromegas_photo_5-768x576.jpg 768w, https:\/\/ezequiel-garcia-romeu.com\/wp-content\/uploads\/2024\/09\/micromegas_photo_5-1536x1152.jpg 1536w, https:\/\/ezequiel-garcia-romeu.com\/wp-content\/uploads\/2024\/09\/micromegas_photo_5.jpg 1600w\" sizes=\"(max-width: 800px) 100vw, 800px\" \/>\t\t\t\t\t\t\t\t\t\t\t\t\t\t\t<\/div>\n\t\t\t\t<\/div>\n\t\t\t\t\t<\/div>\n\t\t<\/div>\n\t\t\t\t\t<\/div>\n\t\t<\/section>\n\t\t\t\t<section class=\"elementor-section elementor-top-section elementor-element elementor-element-2e41df2 elementor-section-boxed elementor-section-height-default elementor-section-height-default\" data-id=\"2e41df2\" data-element_type=\"section\" data-e-type=\"section\">\n\t\t\t\t\t\t<div class=\"elementor-container elementor-column-gap-default\">\n\t\t\t\t\t<div class=\"elementor-column elementor-col-100 elementor-top-column elementor-element elementor-element-00a36a6\" data-id=\"00a36a6\" data-element_type=\"column\" data-e-type=\"column\">\n\t\t\t<div class=\"elementor-widget-wrap elementor-element-populated\">\n\t\t\t\t\t\t<div class=\"elementor-element elementor-element-40af2eb elementor-widget elementor-widget-text-editor\" data-id=\"40af2eb\" data-element_type=\"widget\" data-e-type=\"widget\" data-widget_type=\"text-editor.default\">\n\t\t\t\t<div class=\"elementor-widget-container\">\n\t\t\t\t\t\t\t\t\t<p>\"We ought to first tell the delight we have to find on the scene neither Micro nor Megas, but two characters whose appearance and relations are enough to make the 18th century present: although they belong to another (great) playwright, we are reminded of Jacques and his Master, but also (a little) of Candide and Pangloss, even if all that \"is not yet that\". In any case, a Master and his disciple. One who speaks and teaches, the other who listens and asks, with two very different backgrounds, ages and bodies. Here, unlike Voltaire's two giants who travel from comet to comet, it's the words that take us on a journey. And the image. This is indeed theatre.<\/p><p>Immobile (but rather agitated), the two men benefit a little from Sirius's point of view: at their fingertips, the world (the universe?) is offered up to their tricks (at least to the Master's) as if on a conjuring tray: apples appear, white worms advance and then disappear, a little puppet absorbed in its reading delicately turns the pages of a newspaper, others, later, will serve drinks. There are two worlds. That of the grown-ups (our two characters), and that of the little people (the others, who emerge from the trap doors and enter in silence). The one above and the one below. One world, the theatre. A black tulle curtain veils the stage, and sometimes uncovers it: like a bandstand in a public garden, or a large aviary; a galaxy too, where the stars revolve around the planets that are our two characters, and that we in turn watch. Interlocking. Theatre in the abstract. Relativity.<\/p><p>- Jean-Luc Matteoli, April 2003.<\/p>\t\t\t\t\t\t\t\t<\/div>\n\t\t\t\t<\/div>\n\t\t\t\t<div class=\"elementor-element elementor-element-1236c35 elementor-widget elementor-widget-eael-adv-accordion\" data-id=\"1236c35\" data-element_type=\"widget\" data-e-type=\"widget\" data-widget_type=\"eael-adv-accordion.default\">\n\t\t\t\t<div class=\"elementor-widget-container\">\n\t\t\t\t\t            <div class=\"eael-adv-accordion\" id=\"eael-adv-accordion-1236c35\" data-scroll-on-click=\"no\" data-scroll-speed=\"300\" data-accordion-id=\"1236c35\" data-accordion-type=\"accordion\" data-toogle-speed=\"300\">\n            <div class=\"eael-accordion-list\">\n\t\t\t\t\t<div id=\"distribution\" class=\"elementor-tab-title eael-accordion-header\" tabindex=\"0\" data-tab=\"1\" aria-controls=\"elementor-tab-content-1901\"><span class=\"eael-advanced-accordion-icon-closed\"><svg aria-hidden=\"true\" class=\"fa-accordion-icon e-font-icon-svg e-fas-plus\" viewbox=\"0 0 448 512\" xmlns=\"http:\/\/www.w3.org\/2000\/svg\"><path d=\"M416 208H272V64c0-17.67-14.33-32-32-32h-32c-17.67 0-32 14.33-32 32v144H32c-17.67 0-32 14.33-32 32v32c0 17.67 14.33 32 32 32h144v144c0 17.67 14.33 32 32 32h32c17.67 0 32-14.33 32-32V304h144c17.67 0 32-14.33 32-32v-32c0-17.67-14.33-32-32-32z\"><\/path><\/svg><\/span><span class=\"eael-advanced-accordion-icon-opened\"><svg aria-hidden=\"true\" class=\"fa-accordion-icon e-font-icon-svg e-fas-minus\" viewbox=\"0 0 448 512\" xmlns=\"http:\/\/www.w3.org\/2000\/svg\"><path d=\"M416 208H32c-17.67 0-32 14.33-32 32v32c0 17.67 14.33 32 32 32h384c17.67 0 32-14.33 32-32v-32c0-17.67-14.33-32-32-32z\"><\/path><\/svg><\/span><span class=\"eael-accordion-tab-title\">Casting<\/span><\/div><div id=\"elementor-tab-content-1901\" class=\"eael-accordion-content clearfix\" data-tab=\"1\" aria-labelledby=\"distribution\"><p>Directed by \u00c9z\u00e9quiel Garcia-Romeu.<\/p><p>Adaptation: \u00c9z\u00e9quiel Garcia-Romeu &amp; Pascale Pinamonti.<\/p><p>Acting: Jacques Fornier (<em>The Master<\/em>) &amp; Mouss (<em>The Disciple<\/em>).<\/p><p>Puppeteering: Pascale Pinamonti &amp; \u00c9z\u00e9quiel Garcia-Romeu and Fran\u00e7ois Tomsu (alternating).<\/p><p>Scenography: \u00c9z\u00e9quiel Garcia-Romeu &amp; Fran\u00e7ois Tomsu.<\/p><p>Lighting: Marie-Christine Scaglia.<\/p><p>Costumes: Fran\u00e7ois Tomsu.<\/p><p>Video: Olivier Gillon &amp; Fr\u00e9d\u00e9ric Maire.<\/p><p>Set and puppet construction: \u00c9z\u00e9quiel Garcia-Romeu, St\u00e9phane Jankowski, Pascale Pinamonti, Beno\u00eet Roland &amp; Fran\u00e7ois Tomsu.<\/p><p>Stage manager: Fr\u00e9d\u00e9ric Maire.<\/p><p>Music by Daniel Teruggi and Jimi Hendrix.<\/p><\/div>\n\t\t\t\t\t<\/div><div class=\"eael-accordion-list\">\n\t\t\t\t\t<div id=\"coproduction\" class=\"elementor-tab-title eael-accordion-header\" tabindex=\"0\" data-tab=\"2\" aria-controls=\"elementor-tab-content-1902\"><span class=\"eael-advanced-accordion-icon-closed\"><svg aria-hidden=\"true\" class=\"fa-accordion-icon e-font-icon-svg e-fas-plus\" viewbox=\"0 0 448 512\" xmlns=\"http:\/\/www.w3.org\/2000\/svg\"><path d=\"M416 208H272V64c0-17.67-14.33-32-32-32h-32c-17.67 0-32 14.33-32 32v144H32c-17.67 0-32 14.33-32 32v32c0 17.67 14.33 32 32 32h144v144c0 17.67 14.33 32 32 32h32c17.67 0 32-14.33 32-32V304h144c17.67 0 32-14.33 32-32v-32c0-17.67-14.33-32-32-32z\"><\/path><\/svg><\/span><span class=\"eael-advanced-accordion-icon-opened\"><svg aria-hidden=\"true\" class=\"fa-accordion-icon e-font-icon-svg e-fas-minus\" viewbox=\"0 0 448 512\" xmlns=\"http:\/\/www.w3.org\/2000\/svg\"><path d=\"M416 208H32c-17.67 0-32 14.33-32 32v32c0 17.67 14.33 32 32 32h384c17.67 0 32-14.33 32-32v-32c0-17.67-14.33-32-32-32z\"><\/path><\/svg><\/span><span class=\"eael-accordion-tab-title\">Coproduction<\/span><\/div><div id=\"elementor-tab-content-1902\" class=\"eael-accordion-content clearfix\" data-tab=\"2\" aria-labelledby=\"coproduction\"><ul><li>Th\u00e9\u00e2tre de la Massue - Cie \u00c9z\u00e9quiel Garcia-Romeu;<\/li><li>Le Granit - Sc\u00e8ne Nationale de Belfort ;<\/li><li>La Coupole - Sc\u00e8ne Nationale de S\u00e9nart ;<\/li><li>L'Arche - Sc\u00e8ne conventionn\u00e9e pour l'enfance et la jeunesse ;<\/li><li>Th\u00e9\u00e2tre de l'Agora - Sc\u00e8ne Nationale d'Evry et de l'Essonne ;<\/li><li>Haute-Normandie Region - Th\u00e9\u00e2tre en R\u00e9gion ;<\/li><li>Th\u00e9\u00e2tre de l'Espace - Sc\u00e8ne Nationale de Besan\u00e7on.<\/li><\/ul><p>\u00a0<\/p><p>With the participation of the Direction R\u00e9gionale des Affaires Culturelles Provence Alpes C\u00f4te d'Azur, the Office R\u00e9gional \u00e0 la Culture de la R\u00e9gion Provence Alpes C\u00f4te d'Azur and the Conseil G\u00e9n\u00e9ral des Alpes-Maritimes.<\/p><p>Acknowledgements: Centre Chor\u00e9graphique National de Belfort, Th\u00e9\u00e2tre Jeune Public de Strasbourg and Lyc\u00e9e Viette Audiovisuel de Montb\u00e9liard.<\/p><\/div>\n\t\t\t\t\t<\/div><\/div>\t\t\t\t<\/div>\n\t\t\t\t<\/div>\n\t\t\t\t\t<\/div>\n\t\t<\/div>\n\t\t\t\t\t<\/div>\n\t\t<\/section>\n\t\t\t\t<\/div>","protected":false},"excerpt":{"rendered":"<p>Microm\u00e9gas \u00ab\u00a0Il faudrait d\u2019abord dire le bonheur qu\u2019on go\u00fbte \u00e0 ne trouver sur sc\u00e8ne ni Micro ni Megas, mais deux personnages dont l\u2019aspect et les rapports suffisent \u00e0 rendre pr\u00e9sent [&hellip;]<\/p>\n","protected":false},"author":3,"featured_media":0,"parent":0,"menu_order":0,"comment_status":"closed","ping_status":"closed","template":"","meta":{"footnotes":""},"class_list":["post-2226","page","type-page","status-publish","hentry"],"_links":{"self":[{"href":"https:\/\/ezequiel-garcia-romeu.com\/en\/wp-json\/wp\/v2\/pages\/2226","targetHints":{"allow":["GET"]}}],"collection":[{"href":"https:\/\/ezequiel-garcia-romeu.com\/en\/wp-json\/wp\/v2\/pages"}],"about":[{"href":"https:\/\/ezequiel-garcia-romeu.com\/en\/wp-json\/wp\/v2\/types\/page"}],"author":[{"embeddable":true,"href":"https:\/\/ezequiel-garcia-romeu.com\/en\/wp-json\/wp\/v2\/users\/3"}],"replies":[{"embeddable":true,"href":"https:\/\/ezequiel-garcia-romeu.com\/en\/wp-json\/wp\/v2\/comments?post=2226"}],"version-history":[{"count":5,"href":"https:\/\/ezequiel-garcia-romeu.com\/en\/wp-json\/wp\/v2\/pages\/2226\/revisions"}],"predecessor-version":[{"id":2318,"href":"https:\/\/ezequiel-garcia-romeu.com\/en\/wp-json\/wp\/v2\/pages\/2226\/revisions\/2318"}],"wp:attachment":[{"href":"https:\/\/ezequiel-garcia-romeu.com\/en\/wp-json\/wp\/v2\/media?parent=2226"}],"curies":[{"name":"wp","href":"https:\/\/api.w.org\/{rel}","templated":true}]}}