{"id":2236,"date":"2024-09-06T10:34:38","date_gmt":"2024-09-06T08:34:38","guid":{"rendered":"https:\/\/ezequiel-garcia-romeu.com\/?page_id=2236"},"modified":"2024-09-06T10:50:54","modified_gmt":"2024-09-06T08:50:54","slug":"banquet-shakespeare","status":"publish","type":"page","link":"https:\/\/ezequiel-garcia-romeu.com\/en\/banquet-shakespeare\/","title":{"rendered":"Shakespeare banquet"},"content":{"rendered":"<div data-elementor-type=\"wp-page\" data-elementor-id=\"2236\" class=\"elementor elementor-2236\">\n\t\t\t\t\t\t<section class=\"elementor-section elementor-top-section elementor-element elementor-element-79b39ac elementor-section-boxed elementor-section-height-default elementor-section-height-default\" data-id=\"79b39ac\" data-element_type=\"section\" data-e-type=\"section\">\n\t\t\t\t\t\t<div class=\"elementor-container elementor-column-gap-default\">\n\t\t\t\t\t<div class=\"elementor-column elementor-col-100 elementor-top-column elementor-element elementor-element-190207c\" data-id=\"190207c\" data-element_type=\"column\" data-e-type=\"column\">\n\t\t\t<div class=\"elementor-widget-wrap elementor-element-populated\">\n\t\t\t\t\t\t<div class=\"elementor-element elementor-element-cb65ed9 elementor-widget elementor-widget-heading\" data-id=\"cb65ed9\" data-element_type=\"widget\" data-e-type=\"widget\" data-widget_type=\"heading.default\">\n\t\t\t\t<div class=\"elementor-widget-container\">\n\t\t\t\t\t<h2 class=\"elementor-heading-title elementor-size-default\">Shakespeare banquet<\/h2>\t\t\t\t<\/div>\n\t\t\t\t<\/div>\n\t\t\t\t\t<\/div>\n\t\t<\/div>\n\t\t\t\t\t<\/div>\n\t\t<\/section>\n\t\t\t\t<section class=\"elementor-section elementor-top-section elementor-element elementor-element-528b29e elementor-section-boxed elementor-section-height-default elementor-section-height-default\" data-id=\"528b29e\" data-element_type=\"section\" data-e-type=\"section\">\n\t\t\t\t\t\t<div class=\"elementor-container elementor-column-gap-default\">\n\t\t\t\t\t<div class=\"elementor-column elementor-col-100 elementor-top-column elementor-element elementor-element-2cee8e2\" data-id=\"2cee8e2\" data-element_type=\"column\" data-e-type=\"column\">\n\t\t\t<div class=\"elementor-widget-wrap elementor-element-populated\">\n\t\t\t\t\t\t<div class=\"elementor-element elementor-element-cc25399 elementor-widget elementor-widget-image\" data-id=\"cc25399\" data-element_type=\"widget\" data-e-type=\"widget\" data-widget_type=\"image.default\">\n\t\t\t\t<div class=\"elementor-widget-container\">\n\t\t\t\t\t\t\t\t\t\t\t\t\t\t\t<img fetchpriority=\"high\" decoding=\"async\" width=\"800\" height=\"454\" src=\"https:\/\/ezequiel-garcia-romeu.com\/wp-content\/uploads\/2024\/09\/012t20111123_1pg-1024x581.jpg\" class=\"attachment-large size-large wp-image-2238\" alt=\"\" srcset=\"https:\/\/ezequiel-garcia-romeu.com\/wp-content\/uploads\/2024\/09\/012t20111123_1pg-1024x581.jpg 1024w, https:\/\/ezequiel-garcia-romeu.com\/wp-content\/uploads\/2024\/09\/012t20111123_1pg-300x170.jpg 300w, https:\/\/ezequiel-garcia-romeu.com\/wp-content\/uploads\/2024\/09\/012t20111123_1pg-768x436.jpg 768w, https:\/\/ezequiel-garcia-romeu.com\/wp-content\/uploads\/2024\/09\/012t20111123_1pg.jpg 1500w\" sizes=\"(max-width: 800px) 100vw, 800px\" \/>\t\t\t\t\t\t\t\t\t\t\t\t\t\t\t<\/div>\n\t\t\t\t<\/div>\n\t\t\t\t\t<\/div>\n\t\t<\/div>\n\t\t\t\t\t<\/div>\n\t\t<\/section>\n\t\t\t\t<section class=\"elementor-section elementor-top-section elementor-element elementor-element-2e41df2 elementor-section-boxed elementor-section-height-default elementor-section-height-default\" data-id=\"2e41df2\" data-element_type=\"section\" data-e-type=\"section\">\n\t\t\t\t\t\t<div class=\"elementor-container elementor-column-gap-default\">\n\t\t\t\t\t<div class=\"elementor-column elementor-col-100 elementor-top-column elementor-element elementor-element-00a36a6\" data-id=\"00a36a6\" data-element_type=\"column\" data-e-type=\"column\">\n\t\t\t<div class=\"elementor-widget-wrap elementor-element-populated\">\n\t\t\t\t\t\t<div class=\"elementor-element elementor-element-40af2eb elementor-widget elementor-widget-text-editor\" data-id=\"40af2eb\" data-element_type=\"widget\" data-e-type=\"widget\" data-widget_type=\"text-editor.default\">\n\t\t\t\t<div class=\"elementor-widget-container\">\n\t\t\t\t\t\t\t\t\t<p>Sitting at a dimly-lit desk on the edge of a circular crater-shaped device, someone is waiting for us. She seems to have suffered from the effects of the darkness to which she has been confined for so long.<\/p><p>This place is hers, her theatre as round as Shakespeare's Globe or a museum's circus. It is not on our scale, but that of the characters who, guided by the narration of J. Kott's text, will come to revisit the scene of the crime, in other words the stage of this small wooden theatre, formed by the bottom of the crater.<\/p><p>To tirelessly retrace, for those who want to listen, the path from fury to silence, from crime to madness.<\/p><p>Maybe it's all a game? From underneath, from one trapdoor or another, these characters appear and emerge, in turn intriguing, astonishing or observant. Here, discovering a skull in a sack full of earth; there, trying to place a crown on the head of a faceless creature: we don't play the scenes, we can tell them. Something else is going on, a reflection of the \"long chain of crimes\" referred to by J. Kott.<\/p><p>Odile Sankara, our lead actress, acts on the story's machinery in both the figurative and literal sense. With her hands on the controls of her old wooden theatre's rigging, she goes fishing for spectres and small characters, waking them up from the deep night into which they had sunk.<\/p>\t\t\t\t\t\t\t\t<\/div>\n\t\t\t\t<\/div>\n\t\t\t\t<div class=\"elementor-element elementor-element-1236c35 elementor-widget elementor-widget-eael-adv-accordion\" data-id=\"1236c35\" data-element_type=\"widget\" data-e-type=\"widget\" data-widget_type=\"eael-adv-accordion.default\">\n\t\t\t\t<div class=\"elementor-widget-container\">\n\t\t\t\t\t            <div class=\"eael-adv-accordion\" id=\"eael-adv-accordion-1236c35\" data-scroll-on-click=\"no\" data-scroll-speed=\"300\" data-accordion-id=\"1236c35\" data-accordion-type=\"accordion\" data-toogle-speed=\"300\">\n            <div class=\"eael-accordion-list\">\n\t\t\t\t\t<div id=\"distribution\" class=\"elementor-tab-title eael-accordion-header\" tabindex=\"0\" data-tab=\"1\" aria-controls=\"elementor-tab-content-1901\"><span class=\"eael-advanced-accordion-icon-closed\"><svg aria-hidden=\"true\" class=\"fa-accordion-icon e-font-icon-svg e-fas-plus\" viewbox=\"0 0 448 512\" xmlns=\"http:\/\/www.w3.org\/2000\/svg\"><path d=\"M416 208H272V64c0-17.67-14.33-32-32-32h-32c-17.67 0-32 14.33-32 32v144H32c-17.67 0-32 14.33-32 32v32c0 17.67 14.33 32 32 32h144v144c0 17.67 14.33 32 32 32h32c17.67 0 32-14.33 32-32V304h144c17.67 0 32-14.33 32-32v-32c0-17.67-14.33-32-32-32z\"><\/path><\/svg><\/span><span class=\"eael-advanced-accordion-icon-opened\"><svg aria-hidden=\"true\" class=\"fa-accordion-icon e-font-icon-svg e-fas-minus\" viewbox=\"0 0 448 512\" xmlns=\"http:\/\/www.w3.org\/2000\/svg\"><path d=\"M416 208H32c-17.67 0-32 14.33-32 32v32c0 17.67 14.33 32 32 32h384c17.67 0 32-14.33 32-32v-32c0-17.67-14.33-32-32-32z\"><\/path><\/svg><\/span><span class=\"eael-accordion-tab-title\">Casting<\/span><\/div><div id=\"elementor-tab-content-1901\" class=\"eael-accordion-content clearfix\" data-tab=\"1\" aria-labelledby=\"distribution\"><p>Directed by \u00c9z\u00e9quiel Garcia-Romeu.<\/p><p>Dramaturgy: Laurent Caillon, <em>based on Jan Kott and Shakespeare's tragedies.<\/em><\/p><p>Acting: Christophe Avril &amp; Odile Sankara (coryphaeus).<\/p><p>Machinery and puppets : Christophe Avril &amp; \u00c9z\u00e9quiel Garcia-Romeu.<\/p><p>Scenography and lighting: \u00c9z\u00e9quiel Garcia-Romeu &amp; David Pasquier.<\/p><p>Decorative painter: Claudia Andrea Mella Diaz<\/p><p>Construction of props and scenic elements: Christophe Avril &amp; Studios of the TNN - CDN de Nice.<\/p><\/div>\n\t\t\t\t\t<\/div><div class=\"eael-accordion-list\">\n\t\t\t\t\t<div id=\"coproduction\" class=\"elementor-tab-title eael-accordion-header\" tabindex=\"0\" data-tab=\"2\" aria-controls=\"elementor-tab-content-1902\"><span class=\"eael-advanced-accordion-icon-closed\"><svg aria-hidden=\"true\" class=\"fa-accordion-icon e-font-icon-svg e-fas-plus\" viewbox=\"0 0 448 512\" xmlns=\"http:\/\/www.w3.org\/2000\/svg\"><path d=\"M416 208H272V64c0-17.67-14.33-32-32-32h-32c-17.67 0-32 14.33-32 32v144H32c-17.67 0-32 14.33-32 32v32c0 17.67 14.33 32 32 32h144v144c0 17.67 14.33 32 32 32h32c17.67 0 32-14.33 32-32V304h144c17.67 0 32-14.33 32-32v-32c0-17.67-14.33-32-32-32z\"><\/path><\/svg><\/span><span class=\"eael-advanced-accordion-icon-opened\"><svg aria-hidden=\"true\" class=\"fa-accordion-icon e-font-icon-svg e-fas-minus\" viewbox=\"0 0 448 512\" xmlns=\"http:\/\/www.w3.org\/2000\/svg\"><path d=\"M416 208H32c-17.67 0-32 14.33-32 32v32c0 17.67 14.33 32 32 32h384c17.67 0 32-14.33 32-32v-32c0-17.67-14.33-32-32-32z\"><\/path><\/svg><\/span><span class=\"eael-accordion-tab-title\">Coproduction<\/span><\/div><div id=\"elementor-tab-content-1902\" class=\"eael-accordion-content clearfix\" data-tab=\"2\" aria-labelledby=\"coproduction\"><ul><li>Th\u00e9\u00e2tre de la Massue - Cie \u00c9z\u00e9quiel Garcia-Romeu;<\/li><li>Th\u00e9\u00e2tre de la Commune - CDN d'Aubervilliers ;<\/li><li>Th\u00e9\u00e2tre National de Nice (TNN);<\/li><\/ul><p>\u00a0<\/p><p>With support from DRAC PACA, R\u00e9gion PACA, Conseil d\u00e9partemental des Alpes-Maritimes, Ville de Nice and Conseil g\u00e9n\u00e9ral de Seine-Saint-Denis.<\/p><\/div>\n\t\t\t\t\t<\/div><\/div>\t\t\t\t<\/div>\n\t\t\t\t<\/div>\n\t\t\t\t<div class=\"elementor-element elementor-element-5b63f88 elementor-widget elementor-widget-video\" data-id=\"5b63f88\" data-element_type=\"widget\" data-e-type=\"widget\" data-settings=\"{&quot;youtube_url&quot;:&quot;https:\\\/\\\/www.youtube.com\\\/watch?v=5phcMKSXpPQ&quot;,&quot;video_type&quot;:&quot;youtube&quot;,&quot;controls&quot;:&quot;yes&quot;}\" data-widget_type=\"video.default\">\n\t\t\t\t<div class=\"elementor-widget-container\">\n\t\t\t\t\t\t\t<div class=\"elementor-wrapper elementor-open-inline\">\n\t\t\t<div class=\"elementor-video\"><\/div>\t\t<\/div>\n\t\t\t\t\t\t<\/div>\n\t\t\t\t<\/div>\n\t\t\t\t\t<\/div>\n\t\t<\/div>\n\t\t\t\t\t<\/div>\n\t\t<\/section>\n\t\t\t\t<\/div>","protected":false},"excerpt":{"rendered":"<p>Banquet Shakespeare Assise \u00e0 un pupitre faiblement \u00e9clair\u00e9, au bord d\u2019un dispositif circulaire en forme de crat\u00e8re, une personne nous attend. Elle semble avoir subi le contre-effet de l\u2019obscurit\u00e9 \u00e0 [&hellip;]<\/p>\n","protected":false},"author":3,"featured_media":0,"parent":0,"menu_order":0,"comment_status":"closed","ping_status":"closed","template":"","meta":{"footnotes":""},"class_list":["post-2236","page","type-page","status-publish","hentry"],"_links":{"self":[{"href":"https:\/\/ezequiel-garcia-romeu.com\/en\/wp-json\/wp\/v2\/pages\/2236","targetHints":{"allow":["GET"]}}],"collection":[{"href":"https:\/\/ezequiel-garcia-romeu.com\/en\/wp-json\/wp\/v2\/pages"}],"about":[{"href":"https:\/\/ezequiel-garcia-romeu.com\/en\/wp-json\/wp\/v2\/types\/page"}],"author":[{"embeddable":true,"href":"https:\/\/ezequiel-garcia-romeu.com\/en\/wp-json\/wp\/v2\/users\/3"}],"replies":[{"embeddable":true,"href":"https:\/\/ezequiel-garcia-romeu.com\/en\/wp-json\/wp\/v2\/comments?post=2236"}],"version-history":[{"count":8,"href":"https:\/\/ezequiel-garcia-romeu.com\/en\/wp-json\/wp\/v2\/pages\/2236\/revisions"}],"predecessor-version":[{"id":2315,"href":"https:\/\/ezequiel-garcia-romeu.com\/en\/wp-json\/wp\/v2\/pages\/2236\/revisions\/2315"}],"wp:attachment":[{"href":"https:\/\/ezequiel-garcia-romeu.com\/en\/wp-json\/wp\/v2\/media?parent=2236"}],"curies":[{"name":"wp","href":"https:\/\/api.w.org\/{rel}","templated":true}]}}