{"id":2263,"date":"2024-09-06T11:44:46","date_gmt":"2024-09-06T09:44:46","guid":{"rendered":"https:\/\/ezequiel-garcia-romeu.com\/?page_id=2263"},"modified":"2025-05-07T12:51:34","modified_gmt":"2025-05-07T10:51:34","slug":"transmission","status":"publish","type":"page","link":"https:\/\/ezequiel-garcia-romeu.com\/en\/transmission\/","title":{"rendered":"Transmission"},"content":{"rendered":"<div data-elementor-type=\"wp-page\" data-elementor-id=\"2263\" class=\"elementor elementor-2263\">\n\t\t\t\t\t\t<section class=\"elementor-section elementor-top-section elementor-element elementor-element-d0af297 elementor-section-full_width elementor-section-height-default elementor-section-height-default\" data-id=\"d0af297\" data-element_type=\"section\" data-e-type=\"section\" data-settings=\"{&quot;background_background&quot;:&quot;classic&quot;}\">\n\t\t\t\t\t\t\t<div class=\"elementor-background-overlay\"><\/div>\n\t\t\t\t\t\t\t<div class=\"elementor-container elementor-column-gap-default\">\n\t\t\t\t\t<div class=\"elementor-column elementor-col-100 elementor-top-column elementor-element elementor-element-acb5cc8\" data-id=\"acb5cc8\" data-element_type=\"column\" data-e-type=\"column\">\n\t\t\t<div class=\"elementor-widget-wrap elementor-element-populated\">\n\t\t\t\t\t\t<section class=\"elementor-section elementor-inner-section elementor-element elementor-element-172c151 elementor-section-boxed elementor-section-height-default elementor-section-height-default\" data-id=\"172c151\" data-element_type=\"section\" data-e-type=\"section\">\n\t\t\t\t\t\t<div class=\"elementor-container elementor-column-gap-default\">\n\t\t\t\t\t<div class=\"elementor-column elementor-col-33 elementor-inner-column elementor-element elementor-element-2cba6e5\" data-id=\"2cba6e5\" data-element_type=\"column\" data-e-type=\"column\">\n\t\t\t<div class=\"elementor-widget-wrap\">\n\t\t\t\t\t\t\t<\/div>\n\t\t<\/div>\n\t\t\t\t<div class=\"elementor-column elementor-col-33 elementor-inner-column elementor-element elementor-element-b2343f8\" data-id=\"b2343f8\" data-element_type=\"column\" data-e-type=\"column\">\n\t\t\t<div class=\"elementor-widget-wrap elementor-element-populated\">\n\t\t\t\t\t\t<div class=\"elementor-element elementor-element-b7113b6 elementor-widget elementor-widget-heading\" data-id=\"b7113b6\" data-element_type=\"widget\" data-e-type=\"widget\" data-widget_type=\"heading.default\">\n\t\t\t\t<div class=\"elementor-widget-container\">\n\t\t\t\t\t<h2 class=\"elementor-heading-title elementor-size-default\">Transmission<\/h2>\t\t\t\t<\/div>\n\t\t\t\t<\/div>\n\t\t\t\t\t<\/div>\n\t\t<\/div>\n\t\t\t\t<div class=\"elementor-column elementor-col-33 elementor-inner-column elementor-element elementor-element-cfcb7ae\" data-id=\"cfcb7ae\" data-element_type=\"column\" data-e-type=\"column\">\n\t\t\t<div class=\"elementor-widget-wrap\">\n\t\t\t\t\t\t\t<\/div>\n\t\t<\/div>\n\t\t\t\t\t<\/div>\n\t\t<\/section>\n\t\t\t\t\t<\/div>\n\t\t<\/div>\n\t\t\t\t\t<\/div>\n\t\t<\/section>\n\t\t\t\t<section class=\"elementor-section elementor-top-section elementor-element elementor-element-f9df936 elementor-section-boxed elementor-section-height-default elementor-section-height-default\" data-id=\"f9df936\" data-element_type=\"section\" data-e-type=\"section\">\n\t\t\t\t\t\t<div class=\"elementor-container elementor-column-gap-default\">\n\t\t\t\t\t<div class=\"elementor-column elementor-col-100 elementor-top-column elementor-element elementor-element-f0a7172\" data-id=\"f0a7172\" data-element_type=\"column\" data-e-type=\"column\">\n\t\t\t<div class=\"elementor-widget-wrap elementor-element-populated\">\n\t\t\t\t\t\t<div class=\"elementor-element elementor-element-174e464 elementor-position-left elementor-vertical-align-middle elementor-widget elementor-widget-image-box\" data-id=\"174e464\" data-element_type=\"widget\" data-e-type=\"widget\" data-widget_type=\"image-box.default\">\n\t\t\t\t<div class=\"elementor-widget-container\">\n\t\t\t\t\t<div class=\"elementor-image-box-wrapper\"><figure class=\"elementor-image-box-img\"><img decoding=\"async\" width=\"300\" height=\"50\" src=\"https:\/\/ezequiel-garcia-romeu.com\/wp-content\/uploads\/2024\/05\/adapei_300.png\" class=\"attachment-full size-full wp-image-1572\" alt=\"\" \/><\/figure><div class=\"elementor-image-box-content\"><h3 class=\"elementor-image-box-title\">Artistic and Cultural Education workshops. Associations helping people with disabilities or in difficulty 2020-2024 <\/h3><p class=\"elementor-image-box-description\">The company's artists are involved in arts education, sharing moments of workshop, learning and creation. \u00c9z\u00e9quiel Garcia-Romeu is currently working on two productions, for young audiences and for all audiences. In the course of this work, he has shared his experience with children from the neighbourhoods close to where we are based at Le 109 in L'Entre-Pont, and with students from the Lyc\u00e9e Pasteur during Artistic and Cultural Education workshops. \n<br><br>\nThe company's artists work closely with the ADAPEI association in Alpes-Maritimes, which takes in disabled children and young adults, and with the ALC for adults in serious social difficulty.<\/p><\/div><\/div>\t\t\t\t<\/div>\n\t\t\t\t<\/div>\n\t\t\t\t<div class=\"elementor-element elementor-element-2aa5444 elementor-position-right elementor-vertical-align-middle elementor-widget elementor-widget-image-box\" data-id=\"2aa5444\" data-element_type=\"widget\" data-e-type=\"widget\" data-widget_type=\"image-box.default\">\n\t\t\t\t<div class=\"elementor-widget-container\">\n\t\t\t\t\t<div class=\"elementor-image-box-wrapper\"><figure class=\"elementor-image-box-img\"><img decoding=\"async\" width=\"204\" height=\"204\" src=\"https:\/\/ezequiel-garcia-romeu.com\/wp-content\/uploads\/2024\/05\/univ_nice.png\" class=\"attachment-full size-full wp-image-1570\" alt=\"\" srcset=\"https:\/\/ezequiel-garcia-romeu.com\/wp-content\/uploads\/2024\/05\/univ_nice.png 204w, https:\/\/ezequiel-garcia-romeu.com\/wp-content\/uploads\/2024\/05\/univ_nice-150x150.png 150w\" sizes=\"(max-width: 204px) 100vw, 204px\" \/><\/figure><div class=\"elementor-image-box-content\"><h3 class=\"elementor-image-box-title\">Seminars and courses in the Puppets Space and other areas of the Entre-Pont with the Universit\u00e9 C\u00f4te d'Azur (UCA)<\/h3><p class=\"elementor-image-box-description\">Since 2015, \u00c9z\u00e9quiel Garcia-Romeu has been teaching as an associate professional and lecturer at the Universit\u00e9 C\u00f4te d'Azur, in the Performing Arts department. He invites his students to come to Le 109's site and discover, during work sessions and classes, the activities of L'Entre-Pont and the wealth of artistic exchanges that take place there. In 2020-2021, 30 students regularly visited the Puppets Space at L'Entre-Pont on a weekly basis, thanks to this transmission activity.  \n<br \/><br \/>\nThe association with the UCA is enriched by this close collaboration which is <i> <a href=\"https:\/\/ezequiel-garcia-romeu.com\/en\/fabrique\/#laboratoire\">the European INEUPUP project<\/a> <\/i>and is stabilising around its courses and seminars, which will run until 2022.\n<\/p><\/div><\/div>\t\t\t\t<\/div>\n\t\t\t\t<\/div>\n\t\t\t\t\t<\/div>\n\t\t<\/div>\n\t\t\t\t\t<\/div>\n\t\t<\/section>\n\t\t\t\t<\/div>","protected":false},"excerpt":{"rendered":"<p>Transmission Ateliers EAC. Associations d\u2019aide au personnes en situation de handicap ou de difficult\u00e9 2020-2024 Les artistes de la compagnie s\u2019impliquent dans l\u2019\u00e9ducation artistique, afin de partager des moments d\u2019atelier, [&hellip;]<\/p>\n","protected":false},"author":3,"featured_media":0,"parent":0,"menu_order":0,"comment_status":"closed","ping_status":"closed","template":"","meta":{"footnotes":""},"class_list":["post-2263","page","type-page","status-publish","hentry"],"_links":{"self":[{"href":"https:\/\/ezequiel-garcia-romeu.com\/en\/wp-json\/wp\/v2\/pages\/2263","targetHints":{"allow":["GET"]}}],"collection":[{"href":"https:\/\/ezequiel-garcia-romeu.com\/en\/wp-json\/wp\/v2\/pages"}],"about":[{"href":"https:\/\/ezequiel-garcia-romeu.com\/en\/wp-json\/wp\/v2\/types\/page"}],"author":[{"embeddable":true,"href":"https:\/\/ezequiel-garcia-romeu.com\/en\/wp-json\/wp\/v2\/users\/3"}],"replies":[{"embeddable":true,"href":"https:\/\/ezequiel-garcia-romeu.com\/en\/wp-json\/wp\/v2\/comments?post=2263"}],"version-history":[{"count":13,"href":"https:\/\/ezequiel-garcia-romeu.com\/en\/wp-json\/wp\/v2\/pages\/2263\/revisions"}],"predecessor-version":[{"id":3141,"href":"https:\/\/ezequiel-garcia-romeu.com\/en\/wp-json\/wp\/v2\/pages\/2263\/revisions\/3141"}],"wp:attachment":[{"href":"https:\/\/ezequiel-garcia-romeu.com\/en\/wp-json\/wp\/v2\/media?parent=2263"}],"curies":[{"name":"wp","href":"https:\/\/api.w.org\/{rel}","templated":true}]}}