{"id":2671,"date":"2025-03-04T15:29:11","date_gmt":"2025-03-04T14:29:11","guid":{"rendered":"https:\/\/ezequiel-garcia-romeu.com\/?page_id=2671"},"modified":"2026-02-16T15:25:51","modified_gmt":"2026-02-16T14:25:51","slug":"forma-concept","status":"publish","type":"page","link":"https:\/\/ezequiel-garcia-romeu.com\/en\/forma-concept\/","title":{"rendered":"FORMA - Concept"},"content":{"rendered":"<div data-elementor-type=\"wp-page\" data-elementor-id=\"2671\" class=\"elementor elementor-2671\">\n\t\t\t\t\t\t<section class=\"elementor-section elementor-top-section elementor-element elementor-element-54b7ffb elementor-section-full_width elementor-section-height-default elementor-section-height-default\" data-id=\"54b7ffb\" data-element_type=\"section\" data-e-type=\"section\" data-settings=\"{&quot;background_background&quot;:&quot;classic&quot;}\">\n\t\t\t\t\t\t\t<div class=\"elementor-background-overlay\"><\/div>\n\t\t\t\t\t\t\t<div class=\"elementor-container elementor-column-gap-default\">\n\t\t\t\t\t<div class=\"elementor-column elementor-col-100 elementor-top-column elementor-element elementor-element-8d0d998\" data-id=\"8d0d998\" data-element_type=\"column\" data-e-type=\"column\">\n\t\t\t<div class=\"elementor-widget-wrap elementor-element-populated\">\n\t\t\t\t\t\t<div class=\"elementor-element elementor-element-530e712 elementor-widget elementor-widget-image\" data-id=\"530e712\" data-element_type=\"widget\" data-e-type=\"widget\" data-widget_type=\"image.default\">\n\t\t\t\t<div class=\"elementor-widget-container\">\n\t\t\t\t\t\t\t\t\t\t\t\t\t\t\t<img fetchpriority=\"high\" decoding=\"async\" width=\"1920\" height=\"1080\" src=\"https:\/\/ezequiel-garcia-romeu.com\/wp-content\/uploads\/2026\/01\/AFFICHE_2026_DEF_16_9_V06-low.jpg\" class=\"attachment-full size-full wp-image-4043\" alt=\"FORMA #02, 2026 \/ Th\u00e9\u00e2tre de la Massue - Cie \u00c9z\u00e9quiel Garcia-Romeu \/ \u00a9\u00c9lisa Garcia-Romeu\" srcset=\"https:\/\/ezequiel-garcia-romeu.com\/wp-content\/uploads\/2026\/01\/AFFICHE_2026_DEF_16_9_V06-low.jpg 1920w, https:\/\/ezequiel-garcia-romeu.com\/wp-content\/uploads\/2026\/01\/AFFICHE_2026_DEF_16_9_V06-low-300x169.jpg 300w, https:\/\/ezequiel-garcia-romeu.com\/wp-content\/uploads\/2026\/01\/AFFICHE_2026_DEF_16_9_V06-low-1024x576.jpg 1024w, https:\/\/ezequiel-garcia-romeu.com\/wp-content\/uploads\/2026\/01\/AFFICHE_2026_DEF_16_9_V06-low-768x432.jpg 768w, https:\/\/ezequiel-garcia-romeu.com\/wp-content\/uploads\/2026\/01\/AFFICHE_2026_DEF_16_9_V06-low-1536x864.jpg 1536w, https:\/\/ezequiel-garcia-romeu.com\/wp-content\/uploads\/2026\/01\/AFFICHE_2026_DEF_16_9_V06-low-18x10.jpg 18w\" sizes=\"(max-width: 1920px) 100vw, 1920px\" \/>\t\t\t\t\t\t\t\t\t\t\t\t\t\t\t<\/div>\n\t\t\t\t<\/div>\n\t\t\t\t\t<\/div>\n\t\t<\/div>\n\t\t\t\t\t<\/div>\n\t\t<\/section>\n\t\t\t\t<section class=\"elementor-section elementor-top-section elementor-element elementor-element-a5f4960 elementor-section-boxed elementor-section-height-default elementor-section-height-default\" data-id=\"a5f4960\" data-element_type=\"section\" data-e-type=\"section\">\n\t\t\t\t\t\t<div class=\"elementor-container elementor-column-gap-default\">\n\t\t\t\t\t<div class=\"elementor-column elementor-col-100 elementor-top-column elementor-element elementor-element-fca6072\" data-id=\"fca6072\" data-element_type=\"column\" data-e-type=\"column\">\n\t\t\t<div class=\"elementor-widget-wrap elementor-element-populated\">\n\t\t\t\t\t\t<div class=\"elementor-element elementor-element-50f23ec elementor-widget elementor-widget-heading\" data-id=\"50f23ec\" data-element_type=\"widget\" data-e-type=\"widget\" data-widget_type=\"heading.default\">\n\t\t\t\t<div class=\"elementor-widget-container\">\n\t\t\t\t\t<h2 class=\"elementor-heading-title elementor-size-default\">PRESENTATION<\/h2>\t\t\t\t<\/div>\n\t\t\t\t<\/div>\n\t\t\t\t<div class=\"elementor-element elementor-element-e278012 elementor-widget elementor-widget-text-editor\" data-id=\"e278012\" data-element_type=\"widget\" data-e-type=\"widget\" data-widget_type=\"text-editor.default\">\n\t\t\t\t<div class=\"elementor-widget-container\">\n\t\t\t\t\t\t\t\t\t<p>At a time when puppet festivals are flourishing successfully in France, it was vital that Nice, a cosmopolitan crossroads of artistic influences, should create its own. Visit <em>Th\u00e9\u00e2tre de la Massue<\/em>has long been keen to pass on its love of puppetry to local audiences.<\/p>\t\t\t\t\t\t\t\t<\/div>\n\t\t\t\t<\/div>\n\t\t\t\t<div class=\"elementor-element elementor-element-83fc6e2 elementor-widget elementor-widget-text-editor\" data-id=\"83fc6e2\" data-element_type=\"widget\" data-e-type=\"widget\" data-widget_type=\"text-editor.default\">\n\t\t\t\t<div class=\"elementor-widget-container\">\n\t\t\t\t\t\t\t\t\t<p><strong>FORMA, Festival of Rare Objects and Puppets<\/strong>was born of the Th\u00e9\u00e2tre de la Massue's desire to promote the arts of puppetry and object theatre in the region where it is based. There are very few events around these disciplines in our region today, and we felt it was necessary to offer the public access to the wealth of work produced by both local and international puppeteers. The aim of the festival is also to enable puppeteers from near and far to come together for a festival to discover each other's work and discuss their respective practices.<\/p>\t\t\t\t\t\t\t\t<\/div>\n\t\t\t\t<\/div>\n\t\t\t\t<div class=\"elementor-element elementor-element-f219045 elementor-widget elementor-widget-text-editor\" data-id=\"f219045\" data-element_type=\"widget\" data-e-type=\"widget\" data-widget_type=\"text-editor.default\">\n\t\t\t\t<div class=\"elementor-widget-container\">\n\t\t\t\t\t\t\t\t\t<p>This desire also goes hand in hand with an ambition for training and research in these disciplines. A puppet university will be set up as part of the programming of the <b>FORMA<\/b> but also on an ongoing basis, throughout the year, by organising conferences, training courses, workshops and round tables. The aim of this university and its international presence is to encourage academic, professional and cultural exchanges, with the aim of continually enriching these disciplines and those who explore them.<\/p>\t\t\t\t\t\t\t\t<\/div>\n\t\t\t\t<\/div>\n\t\t\t\t<div class=\"elementor-element elementor-element-b91e431 elementor-widget elementor-widget-text-editor\" data-id=\"b91e431\" data-element_type=\"widget\" data-e-type=\"widget\" data-widget_type=\"text-editor.default\">\n\t\t\t\t<div class=\"elementor-widget-container\">\n\t\t\t\t\t\t\t\t\t<p>If you have any questions, would like to volunteer or become a partner, or would like further information, please contact us at the following link: <a href=\"mailto:contact@ezequiel-garcia-romeu.com\">contact@ezequiel-garcia-romeu.com<\/a><\/p>\t\t\t\t\t\t\t\t<\/div>\n\t\t\t\t<\/div>\n\t\t\t\t<div class=\"elementor-element elementor-element-e1c848b elementor-widget elementor-widget-heading\" data-id=\"e1c848b\" data-element_type=\"widget\" data-e-type=\"widget\" data-widget_type=\"heading.default\">\n\t\t\t\t<div class=\"elementor-widget-container\">\n\t\t\t\t\t<h2 class=\"elementor-heading-title elementor-size-default\">FORMA #02 - 2026<\/h2>\t\t\t\t<\/div>\n\t\t\t\t<\/div>\n\t\t\t\t<div class=\"elementor-element elementor-element-a44e6a2 elementor-widget elementor-widget-image\" data-id=\"a44e6a2\" data-element_type=\"widget\" data-e-type=\"widget\" data-widget_type=\"image.default\">\n\t\t\t\t<div class=\"elementor-widget-container\">\n\t\t\t\t\t\t\t\t\t\t\t\t<figure class=\"wp-caption\">\n\t\t\t\t\t\t\t\t\t\t<img decoding=\"async\" width=\"768\" height=\"433\" src=\"https:\/\/ezequiel-garcia-romeu.com\/wp-content\/uploads\/2026\/01\/13-768x433.png\" class=\"attachment-medium_large size-medium_large wp-image-4046\" alt=\"Mythos - Anima Th\u00e9\u00e2tre \/ \u00a9Tamara Kyriakidou\" srcset=\"https:\/\/ezequiel-garcia-romeu.com\/wp-content\/uploads\/2026\/01\/13-768x433.png 768w, https:\/\/ezequiel-garcia-romeu.com\/wp-content\/uploads\/2026\/01\/13-300x169.png 300w, https:\/\/ezequiel-garcia-romeu.com\/wp-content\/uploads\/2026\/01\/13-1024x577.png 1024w, https:\/\/ezequiel-garcia-romeu.com\/wp-content\/uploads\/2026\/01\/13-1536x865.png 1536w, https:\/\/ezequiel-garcia-romeu.com\/wp-content\/uploads\/2026\/01\/13-2048x1154.png 2048w, https:\/\/ezequiel-garcia-romeu.com\/wp-content\/uploads\/2026\/01\/13-18x10.png 18w\" sizes=\"(max-width: 768px) 100vw, 768px\" \/>\t\t\t\t\t\t\t\t\t\t\t<figcaption class=\"widget-image-caption wp-caption-text\"><\/figcaption>\n\t\t\t\t\t\t\t\t\t\t<\/figure>\n\t\t\t\t\t\t\t\t\t<\/div>\n\t\t\t\t<\/div>\n\t\t\t\t<div class=\"elementor-element elementor-element-eb6de8e elementor-widget elementor-widget-text-editor\" data-id=\"eb6de8e\" data-element_type=\"widget\" data-e-type=\"widget\" data-widget_type=\"text-editor.default\">\n\t\t\t\t<div class=\"elementor-widget-container\">\n\t\t\t\t\t\t\t\t\t<p style=\"text-align: center;\"><span style=\"font-size: medium;\">Mythos, by Anima Th\u00e9\u00e2tre. Scheduled at FORMA 2026. <em>Photo \u00a9Tamara Kyriakidou.<\/em><br \/><\/span><\/p>\t\t\t\t\t\t\t\t<\/div>\n\t\t\t\t<\/div>\n\t\t\t\t<div class=\"elementor-element elementor-element-80df7af elementor-widget elementor-widget-text-editor\" data-id=\"80df7af\" data-element_type=\"widget\" data-e-type=\"widget\" data-widget_type=\"text-editor.default\">\n\t\t\t\t<div class=\"elementor-widget-container\">\n\t\t\t\t\t\t\t\t\t<p>\nTo seek, to see, to be amazed and to discover in the art of contemporary puppetry the richness of unknown and unifying theatrical universes.<strong> FORMA 2026 offers you another chance to experience the wonder of our first edition!<\/strong>\n<\/p>\n<p>\nWe are honoured to invite you to this new travel experience, this singular odyssey, which brings us the joy of discovering <strong>art of astonishing diversity and quality.<\/strong>\n<\/p>\nThe momentum that we have created with our partners, for both young and adult audiences, is encouraging us this year to<strong> to push the boundaries of traditional puppetry towards its most contemporary extensions.<\/strong> For this new edition,<strong> we open up the subject of the mutation of this art form, which dares to overturn its traditional achievements in order to constantly renew itself.<\/strong> You'll discover shows from our region as well as from other European countries, and you'll also be able to take part in a round table discussion, screenings of animated shorts, a puppet and animated film workshop, and family workshops, of course.\n<\/p>\n<p>\nWe believe in the strong dynamic that such a proposal can instil in our region, in terms of culture, exchanges and new encounters, and we hope that this year's edition, at the same level as the last, will be a real success. <strong>a richer, more geographically extensive and more diversified programme than the first one<\/strong>, The new website is sure to satisfy your curiosity!\n<\/p>\n<p style=\"text-align: right;\"><em>\n\u00c9z\u00e9quiel Garcia-Romeu <br>\nArtistic Director of the Th\u00e9\u00e2tre de la Massue\t\t\t\t\t\t\t\t<\/div>\n\t\t\t\t<\/div>\n\t\t\t\t\t<\/div>\n\t\t<\/div>\n\t\t\t\t\t<\/div>\n\t\t<\/section>\n\t\t\t\t<section class=\"elementor-section elementor-top-section elementor-element elementor-element-e1d91f6 elementor-section-boxed elementor-section-height-default elementor-section-height-default\" data-id=\"e1d91f6\" data-element_type=\"section\" data-e-type=\"section\">\n\t\t\t\t\t\t<div class=\"elementor-container elementor-column-gap-default\">\n\t\t\t\t\t<div class=\"elementor-column elementor-col-100 elementor-top-column elementor-element elementor-element-19001ad\" data-id=\"19001ad\" data-element_type=\"column\" data-e-type=\"column\">\n\t\t\t<div class=\"elementor-widget-wrap elementor-element-populated\">\n\t\t\t\t\t\t<div class=\"elementor-element elementor-element-597fdba elementor-widget elementor-widget-heading\" data-id=\"597fdba\" data-element_type=\"widget\" data-e-type=\"widget\" data-widget_type=\"heading.default\">\n\t\t\t\t<div class=\"elementor-widget-container\">\n\t\t\t\t\t<h2 class=\"elementor-heading-title elementor-size-default\">PARTNERS<\/h2>\t\t\t\t<\/div>\n\t\t\t\t<\/div>\n\t\t\t\t<div class=\"elementor-element elementor-element-cda2b6d elementor-widget elementor-widget-text-editor\" data-id=\"cda2b6d\" data-element_type=\"widget\" data-e-type=\"widget\" data-widget_type=\"text-editor.default\">\n\t\t\t\t<div class=\"elementor-widget-container\">\n\t\t\t\t\t\t\t\t\t<p>The Th\u00e9\u00e2tre de la Massue would like to thank all its partners for making this second edition of <strong>FORMA<\/strong> With the support of: the City of Nice, the Ministry of Culture - PACA Regional Department of Cultural Affairs, Arsud, the South PACA Region, the Alpes-Maritimes Department, l'Artistique, l'Entre-Pont, l'Espace Magnan, le Forum Jacques Pr\u00e9vert, La Gaya Scienza, La Semeuse, le Th\u00e9\u00e2tre Francis Gag, le Th\u00e9\u00e2tre National de Nice, the Les En-jeux de la Marionnette collective and Studio M.<\/p><p>The festival is financially supported by the City of Nice.<\/p>\t\t\t\t\t\t\t\t<\/div>\n\t\t\t\t<\/div>\n\t\t\t\t<div class=\"elementor-element elementor-element-f532ca6 elementor-widget elementor-widget-image\" data-id=\"f532ca6\" data-element_type=\"widget\" data-e-type=\"widget\" data-widget_type=\"image.default\">\n\t\t\t\t<div class=\"elementor-widget-container\">\n\t\t\t\t\t\t\t\t\t\t\t\t\t\t\t<img decoding=\"async\" width=\"13434\" height=\"593\" src=\"https:\/\/ezequiel-garcia-romeu.com\/wp-content\/uploads\/2026\/02\/BandeauLogosFORMA-final.png\" class=\"attachment-full size-full wp-image-4202\" alt=\"Partenaires FORMA 2026\" srcset=\"https:\/\/ezequiel-garcia-romeu.com\/wp-content\/uploads\/2026\/02\/BandeauLogosFORMA-final.png 13434w, https:\/\/ezequiel-garcia-romeu.com\/wp-content\/uploads\/2026\/02\/BandeauLogosFORMA-final-300x13.png 300w, https:\/\/ezequiel-garcia-romeu.com\/wp-content\/uploads\/2026\/02\/BandeauLogosFORMA-final-1024x45.png 1024w, https:\/\/ezequiel-garcia-romeu.com\/wp-content\/uploads\/2026\/02\/BandeauLogosFORMA-final-768x34.png 768w, https:\/\/ezequiel-garcia-romeu.com\/wp-content\/uploads\/2026\/02\/BandeauLogosFORMA-final-1536x68.png 1536w, https:\/\/ezequiel-garcia-romeu.com\/wp-content\/uploads\/2026\/02\/BandeauLogosFORMA-final-2048x90.png 2048w, https:\/\/ezequiel-garcia-romeu.com\/wp-content\/uploads\/2026\/02\/BandeauLogosFORMA-final-18x1.png 18w\" sizes=\"(max-width: 13434px) 100vw, 13434px\" \/>\t\t\t\t\t\t\t\t\t\t\t\t\t\t\t<\/div>\n\t\t\t\t<\/div>\n\t\t\t\t\t<\/div>\n\t\t<\/div>\n\t\t\t\t\t<\/div>\n\t\t<\/section>\n\t\t\t\t<section class=\"elementor-section elementor-top-section elementor-element elementor-element-008cbdd elementor-section-boxed elementor-section-height-default elementor-section-height-default\" data-id=\"008cbdd\" data-element_type=\"section\" data-e-type=\"section\">\n\t\t\t\t\t\t<div class=\"elementor-container elementor-column-gap-default\">\n\t\t\t\t\t<div class=\"elementor-column elementor-col-100 elementor-top-column elementor-element elementor-element-3d3b84d\" data-id=\"3d3b84d\" data-element_type=\"column\" data-e-type=\"column\">\n\t\t\t<div class=\"elementor-widget-wrap elementor-element-populated\">\n\t\t\t\t\t\t<div class=\"elementor-element elementor-element-cd352dd elementor-widget elementor-widget-html\" data-id=\"cd352dd\" data-element_type=\"widget\" data-e-type=\"widget\" data-widget_type=\"html.default\">\n\t\t\t\t<div class=\"elementor-widget-container\">\n\t\t\t\t\t<iframe src=\"https:\/\/go.formulaire.info\/form?p=LWGYDD4A\" style=\"width:100%; height:400px; overflow:auto;\" frameborder=\"0\" height=\"100%\" width=\"100%\" scrolling=\"auto\"><\/iframe>\t\t\t\t<\/div>\n\t\t\t\t<\/div>\n\t\t\t\t\t<\/div>\n\t\t<\/div>\n\t\t\t\t\t<\/div>\n\t\t<\/section>\n\t\t\t\t<\/div>","protected":false},"excerpt":{"rendered":"<p>PR\u00c9SENTATION Alors que des festivals de la marionnette prosp\u00e8rent en France avec succ\u00e8s, il \u00e9tait indispensable que Nice, carrefour cosmopolite des influences artistiques, cr\u00e9e le sien. Le Th\u00e9\u00e2tre de la [&hellip;]<\/p>\n","protected":false},"author":3,"featured_media":0,"parent":0,"menu_order":0,"comment_status":"closed","ping_status":"closed","template":"","meta":{"footnotes":""},"class_list":["post-2671","page","type-page","status-publish","hentry"],"_links":{"self":[{"href":"https:\/\/ezequiel-garcia-romeu.com\/en\/wp-json\/wp\/v2\/pages\/2671","targetHints":{"allow":["GET"]}}],"collection":[{"href":"https:\/\/ezequiel-garcia-romeu.com\/en\/wp-json\/wp\/v2\/pages"}],"about":[{"href":"https:\/\/ezequiel-garcia-romeu.com\/en\/wp-json\/wp\/v2\/types\/page"}],"author":[{"embeddable":true,"href":"https:\/\/ezequiel-garcia-romeu.com\/en\/wp-json\/wp\/v2\/users\/3"}],"replies":[{"embeddable":true,"href":"https:\/\/ezequiel-garcia-romeu.com\/en\/wp-json\/wp\/v2\/comments?post=2671"}],"version-history":[{"count":125,"href":"https:\/\/ezequiel-garcia-romeu.com\/en\/wp-json\/wp\/v2\/pages\/2671\/revisions"}],"predecessor-version":[{"id":4234,"href":"https:\/\/ezequiel-garcia-romeu.com\/en\/wp-json\/wp\/v2\/pages\/2671\/revisions\/4234"}],"wp:attachment":[{"href":"https:\/\/ezequiel-garcia-romeu.com\/en\/wp-json\/wp\/v2\/media?parent=2671"}],"curies":[{"name":"wp","href":"https:\/\/api.w.org\/{rel}","templated":true}]}}