{"id":36,"date":"2024-04-09T13:59:21","date_gmt":"2024-04-09T11:59:21","guid":{"rendered":"https:\/\/ezequiel-garcia-romeu.com\/?page_id=36"},"modified":"2026-01-26T16:26:56","modified_gmt":"2026-01-26T15:26:56","slug":"home","status":"publish","type":"page","link":"https:\/\/ezequiel-garcia-romeu.com\/en\/","title":{"rendered":"Home"},"content":{"rendered":"<div data-elementor-type=\"wp-page\" data-elementor-id=\"36\" class=\"elementor elementor-36\">\n\t\t\t\t\t\t<section class=\"elementor-section elementor-top-section elementor-element elementor-element-3554fad elementor-section-boxed elementor-section-height-default elementor-section-height-default\" data-id=\"3554fad\" data-element_type=\"section\" data-e-type=\"section\" data-settings=\"{&quot;background_background&quot;:&quot;classic&quot;}\">\n\t\t\t\t\t\t<div class=\"elementor-container elementor-column-gap-default\">\n\t\t\t\t\t<div class=\"elementor-column elementor-col-100 elementor-top-column elementor-element elementor-element-acc91dd\" data-id=\"acc91dd\" data-element_type=\"column\" data-e-type=\"column\">\n\t\t\t<div class=\"elementor-widget-wrap\">\n\t\t\t\t\t\t\t<\/div>\n\t\t<\/div>\n\t\t\t\t\t<\/div>\n\t\t<\/section>\n\t\t\t\t<section class=\"elementor-section elementor-top-section elementor-element elementor-element-a947a3e elementor-section-boxed elementor-section-height-default elementor-section-height-default\" data-id=\"a947a3e\" data-element_type=\"section\" data-e-type=\"section\" id=\"bandeau-accueil\" data-settings=\"{&quot;background_background&quot;:&quot;classic&quot;}\">\n\t\t\t\t\t\t<div class=\"elementor-container elementor-column-gap-default\">\n\t\t\t\t\t<div class=\"elementor-column elementor-col-100 elementor-top-column elementor-element elementor-element-4acffba\" data-id=\"4acffba\" data-element_type=\"column\" data-e-type=\"column\">\n\t\t\t<div class=\"elementor-widget-wrap elementor-element-populated\">\n\t\t\t\t\t\t<div class=\"elementor-element elementor-element-3e1eebb elementor-widget elementor-widget-heading\" data-id=\"3e1eebb\" data-element_type=\"widget\" data-e-type=\"widget\" data-widget_type=\"heading.default\">\n\t\t\t\t<div class=\"elementor-widget-container\">\n\t\t\t\t\t<h2 class=\"elementor-heading-title elementor-size-default\">scenography, installation and contemporary puppets<\/h2>\t\t\t\t<\/div>\n\t\t\t\t<\/div>\n\t\t\t\t\t<\/div>\n\t\t<\/div>\n\t\t\t\t\t<\/div>\n\t\t<\/section>\n\t\t\t\t<section class=\"elementor-section elementor-top-section elementor-element elementor-element-3a00d6d elementor-section-boxed elementor-section-height-default elementor-section-height-default\" data-id=\"3a00d6d\" data-element_type=\"section\" data-e-type=\"section\">\n\t\t\t\t\t\t<div class=\"elementor-container elementor-column-gap-default\">\n\t\t\t\t\t<div class=\"elementor-column elementor-col-100 elementor-top-column elementor-element elementor-element-e1a0797\" data-id=\"e1a0797\" data-element_type=\"column\" data-e-type=\"column\">\n\t\t\t<div class=\"elementor-widget-wrap elementor-element-populated\">\n\t\t\t\t\t\t<div class=\"elementor-element elementor-element-ac1e51d elementor-widget elementor-widget-spacer\" data-id=\"ac1e51d\" data-element_type=\"widget\" data-e-type=\"widget\" data-widget_type=\"spacer.default\">\n\t\t\t\t<div class=\"elementor-widget-container\">\n\t\t\t\t\t\t\t<div class=\"elementor-spacer\">\n\t\t\t<div class=\"elementor-spacer-inner\"><\/div>\n\t\t<\/div>\n\t\t\t\t\t\t<\/div>\n\t\t\t\t<\/div>\n\t\t\t\t<div class=\"elementor-element elementor-element-05d66cc elementor-widget elementor-widget-shortcode\" data-id=\"05d66cc\" data-element_type=\"widget\" data-e-type=\"widget\" data-widget_type=\"shortcode.default\">\n\t\t\t\t<div class=\"elementor-widget-container\">\n\t\t\t\t\t\t\t<div class=\"elementor-shortcode\"><div class=\"custom-image-wrapper\"><div class=\"custom-image-section section1\"><div class=\"custom-image-item\"><a href=\"https:\/\/ezequiel-garcia-romeu.com\/en\/le-petit-theatre-du-bout-du-monde-opus-iii\/\" class=\"custom-image-link\"><img decoding=\"async\" src=\"https:\/\/ezequiel-garcia-romeu.com\/wp-content\/uploads\/2025\/08\/BdpetLRA-scaled.jpeg\" alt=\"Le Petit Th\u00e9\u00e2tre du Bout du Monde&lt;br&gt;Opus III&lt;br&gt;&lt;i&gt;Derni\u00e8re cr\u00e9ation - 2025&lt;\/i&gt;\"><span class=\"custom-image-text fade-in-text\">Le Petit Th\u00e9\u00e2tre du Bout du Monde<br>Opus III<br><i>Last creation - 2025<\/i><\/span><\/a><\/div><div class=\"custom-image-item\"><a href=\"https:\/\/ezequiel-garcia-romeu.com\/en\/le-petit-theatre-du-bout-du-monde-opus-ii\/\" class=\"custom-image-link\"><img decoding=\"async\" src=\"https:\/\/ezequiel-garcia-romeu.com\/wp-content\/uploads\/2024\/04\/PTBM-2_IMG_1570_scaled_1200x800.jpg\" alt=\"Le Petit Th\u00e9\u00e2tre du Bout du Monde&lt;br&gt;Opus II\"><span class=\"custom-image-text fade-in-text\">Le Petit Th\u00e9\u00e2tre du Bout du Monde<br>Opus II<\/span><\/a><\/div><div class=\"custom-image-item\"><a href=\"https:\/\/ezequiel-garcia-romeu.com\/en\/le-petit-theatre-du-bout-du-monde-opus-i\/\" class=\"custom-image-link\"><img decoding=\"async\" src=\"https:\/\/ezequiel-garcia-romeu.com\/wp-content\/uploads\/2024\/04\/Vieille-levant-la-tete-Ezequiel-Nathalie-Sternalski-scaled.jpg\" alt=\"Le Petit Th\u00e9\u00e2tre du Bout du Monde&lt;br&gt;Opus I\"><span class=\"custom-image-text fade-in-text\">Le Petit Th\u00e9\u00e2tre du Bout du Monde<br>Opus I<\/span><\/a><\/div><\/div><div class=\"custom-image-section section2\"><div class=\"custom-image-item\"><a href=\"https:\/\/ezequiel-garcia-romeu.com\/en\/la-meridienne\/\" class=\"custom-image-link\"><img decoding=\"async\" src=\"https:\/\/ezequiel-garcia-romeu.com\/wp-content\/uploads\/2024\/04\/La-Meridienne-Sonia-Almaguer.jpg\" alt=\"La M\u00e9ridienne\"><span class=\"custom-image-text fade-in-text\">La M\u00e9ridienne<\/span><\/a><\/div><div class=\"custom-image-item\"><a href=\"https:\/\/ezequiel-garcia-romeu.com\/en\/le-scriptographe\/\" class=\"custom-image-link\"><img decoding=\"async\" src=\"https:\/\/ezequiel-garcia-romeu.com\/wp-content\/uploads\/2024\/04\/Le-Scriptographe.jpg\" alt=\"Le Scriptographe\"><span class=\"custom-image-text fade-in-text\">The Scriptograph<\/span><\/a><\/div><\/div><\/div>\n<style>\n@import url(\"https:\/\/fonts.googleapis.com\/css2?family=IBM+Plex+Sans:wght@400;600&display=swap\");\n\n\/* Wrapper g\u00e9n\u00e9ral *\/\n.custom-image-wrapper {\n    display: flex;\n    flex-direction: column;\n    gap: 20px; \/* <-- espacement entre les deux lignes *\/\n}\n\n\/* Conteneur lignes *\/\n.custom-image-section {\n    display: flex;\n    gap: 10px;\n    width: 100%;\n    height: 400px;\n    overflow: hidden;\n}\n\n\/* Item *\/\n.custom-image-item {\n    position: relative;\n    transition: flex 0.6s cubic-bezier(0.4, 0, 0.2, 1);\n}\n\n.custom-image-item img {\n    width: 100%;\n    height: 100%;\n    object-fit: cover;\n    display: block;\n    opacity: 0;\n    transform: translateX(-50px);\n    animation: fadeInLeft 1.5s ease-out forwards;\n}\n\n\/* Texte *\/\n.fade-in-text {\n    position: absolute;\n    bottom: 10px;\n    left: 10px;\n    font-size: 0.9em;\n    font-family: \"IBM Plex Sans\", sans-serif;\n    color: #fff;\n    opacity: 0;\n    transform: translateX(-50px);\n    animation: fadeInLeft 1.5s ease-out forwards;\n    transition: opacity 0.5s ease;\n}\n\n\/* Delays pour animations *\/\n.section1 .custom-image-item:nth-child(1) img,\n.section1 .custom-image-item:nth-child(1) .fade-in-text { animation-delay: 0.2s; }\n.section1 .custom-image-item:nth-child(2) img,\n.section1 .custom-image-item:nth-child(2) .fade-in-text { animation-delay: 0.4s; }\n.section1 .custom-image-item:nth-child(3) img,\n.section1 .custom-image-item:nth-child(3) .fade-in-text { animation-delay: 0.6s; }\n\n.section2 .custom-image-item:nth-child(1) img,\n.section2 .custom-image-item:nth-child(1) .fade-in-text { animation-delay: 0.2s; }\n.section2 .custom-image-item:nth-child(2) img,\n.section2 .custom-image-item:nth-child(2) .fade-in-text { animation-delay: 0.4s; }\n\n@keyframes fadeInLeft {\n    to { opacity: 1; transform: translateX(0); }\n}\n\n\/* Section 1 : 3 images *\/\n.section1 .custom-image-item { flex: 1; }\n.section1:hover .custom-image-item { flex: 0.25; }\n.section1 .custom-image-item:hover { flex: 0.5; }\n\n\/* Section 2 : 2 images *\/\n.section2 .custom-image-item { flex: 1; }\n.section2:hover .custom-image-item { flex: 0.25; }\n.section2 .custom-image-item:hover { flex: 0.75; }\n\n\/* Hover texte *\/\n.custom-image-item:hover .fade-in-text {\n    opacity: 1;\n}\n\n\/* Responsive mobile *\/\n@media (max-width: 768px) {\n    .custom-image-section {\n        flex-direction: column;\n        gap: 10px;\n        height: auto;\n    }\n    .custom-image-item {\n        flex: 1 1 100%;\n        height: 250px;\n    }\n    .custom-image-section:hover .custom-image-item,\n    .custom-image-section .custom-image-item:hover {\n        flex: 1 1 100%;\n    }\n}\n<\/style>\n<\/div>\n\t\t\t\t\t\t<\/div>\n\t\t\t\t<\/div>\n\t\t\t\t<div class=\"elementor-element elementor-element-9261a36 elementor-widget elementor-widget-spacer\" data-id=\"9261a36\" data-element_type=\"widget\" data-e-type=\"widget\" data-widget_type=\"spacer.default\">\n\t\t\t\t<div class=\"elementor-widget-container\">\n\t\t\t\t\t\t\t<div class=\"elementor-spacer\">\n\t\t\t<div class=\"elementor-spacer-inner\"><\/div>\n\t\t<\/div>\n\t\t\t\t\t\t<\/div>\n\t\t\t\t<\/div>\n\t\t\t\t<div class=\"elementor-element elementor-element-4323652 elementor-align-center elementor-widget elementor-widget-button\" data-id=\"4323652\" data-element_type=\"widget\" data-e-type=\"widget\" data-widget_type=\"button.default\">\n\t\t\t\t<div class=\"elementor-widget-container\">\n\t\t\t\t\t\t\t\t\t<div class=\"elementor-button-wrapper\">\n\t\t\t\t\t<a class=\"elementor-button elementor-button-link elementor-size-sm\" href=\"https:\/\/ezequiel-garcia-romeu.com\/wp-content\/uploads\/2026\/01\/Catalogue-Spectacles-numerique-eng-def.pdf\" target=\"_blank\">\n\t\t\t\t\t\t<span class=\"elementor-button-content-wrapper\">\n\t\t\t\t\t\t\t\t\t<span class=\"elementor-button-text\">See our catalogue of shows and activities<\/span>\n\t\t\t\t\t<\/span>\n\t\t\t\t\t<\/a>\n\t\t\t\t<\/div>\n\t\t\t\t\t\t\t\t<\/div>\n\t\t\t\t<\/div>\n\t\t\t\t<div class=\"elementor-element elementor-element-a75cb14 elementor-widget elementor-widget-spacer\" data-id=\"a75cb14\" data-element_type=\"widget\" data-e-type=\"widget\" data-widget_type=\"spacer.default\">\n\t\t\t\t<div class=\"elementor-widget-container\">\n\t\t\t\t\t\t\t<div class=\"elementor-spacer\">\n\t\t\t<div class=\"elementor-spacer-inner\"><\/div>\n\t\t<\/div>\n\t\t\t\t\t\t<\/div>\n\t\t\t\t<\/div>\n\t\t\t\t\t<\/div>\n\t\t<\/div>\n\t\t\t\t\t<\/div>\n\t\t<\/section>\n\t\t\t\t<section class=\"elementor-section elementor-top-section elementor-element elementor-element-b553813 elementor-section-boxed elementor-section-height-default elementor-section-height-default\" data-id=\"b553813\" data-element_type=\"section\" data-e-type=\"section\">\n\t\t\t\t\t\t<div class=\"elementor-container elementor-column-gap-default\">\n\t\t\t\t\t<div class=\"elementor-column elementor-col-100 elementor-top-column elementor-element elementor-element-523c62a\" data-id=\"523c62a\" data-element_type=\"column\" data-e-type=\"column\">\n\t\t\t<div class=\"elementor-widget-wrap elementor-element-populated\">\n\t\t\t\t\t\t<section class=\"elementor-section elementor-inner-section elementor-element elementor-element-cd4628b elementor-section-boxed elementor-section-height-default elementor-section-height-default\" data-id=\"cd4628b\" data-element_type=\"section\" data-e-type=\"section\">\n\t\t\t\t\t\t<div class=\"elementor-container elementor-column-gap-default\">\n\t\t\t\t\t<div class=\"elementor-column elementor-col-50 elementor-inner-column elementor-element elementor-element-1278bd7\" data-id=\"1278bd7\" data-element_type=\"column\" data-e-type=\"column\">\n\t\t\t<div class=\"elementor-widget-wrap elementor-element-populated\">\n\t\t\t\t\t\t<div class=\"elementor-element elementor-element-0a9c6c7 elementor-widget elementor-widget-image\" data-id=\"0a9c6c7\" data-element_type=\"widget\" data-e-type=\"widget\" data-settings=\"{&quot;_animation&quot;:&quot;none&quot;}\" data-widget_type=\"image.default\">\n\t\t\t\t<div class=\"elementor-widget-container\">\n\t\t\t\t\t\t\t\t\t\t\t\t\t\t\t<img fetchpriority=\"high\" decoding=\"async\" width=\"709\" height=\"1024\" src=\"https:\/\/ezequiel-garcia-romeu.com\/wp-content\/uploads\/2026\/01\/AFFICHE_2026_DEF_FONDPERDU_02_V06-low-709x1024.jpg\" class=\"attachment-large size-large wp-image-4096\" alt=\"FORMA #02, 2026 \/ Th\u00e9\u00e2tre de la Massue - Cie \u00c9z\u00e9quiel Garcia-Romeu \/ \u00a9\u00c9lisa Garcia-Romeu\" srcset=\"https:\/\/ezequiel-garcia-romeu.com\/wp-content\/uploads\/2026\/01\/AFFICHE_2026_DEF_FONDPERDU_02_V06-low-709x1024.jpg 709w, https:\/\/ezequiel-garcia-romeu.com\/wp-content\/uploads\/2026\/01\/AFFICHE_2026_DEF_FONDPERDU_02_V06-low-208x300.jpg 208w, https:\/\/ezequiel-garcia-romeu.com\/wp-content\/uploads\/2026\/01\/AFFICHE_2026_DEF_FONDPERDU_02_V06-low-768x1109.jpg 768w, https:\/\/ezequiel-garcia-romeu.com\/wp-content\/uploads\/2026\/01\/AFFICHE_2026_DEF_FONDPERDU_02_V06-low-1064x1536.jpg 1064w, https:\/\/ezequiel-garcia-romeu.com\/wp-content\/uploads\/2026\/01\/AFFICHE_2026_DEF_FONDPERDU_02_V06-low-8x12.jpg 8w, https:\/\/ezequiel-garcia-romeu.com\/wp-content\/uploads\/2026\/01\/AFFICHE_2026_DEF_FONDPERDU_02_V06-low.jpg 1080w\" sizes=\"(max-width: 709px) 100vw, 709px\" \/>\t\t\t\t\t\t\t\t\t\t\t\t\t\t\t<\/div>\n\t\t\t\t<\/div>\n\t\t\t\t\t<\/div>\n\t\t<\/div>\n\t\t\t\t<div class=\"elementor-column elementor-col-50 elementor-inner-column elementor-element elementor-element-90afb0e\" data-id=\"90afb0e\" data-element_type=\"column\" data-e-type=\"column\">\n\t\t\t<div class=\"elementor-widget-wrap elementor-element-populated\">\n\t\t\t\t\t\t<div class=\"elementor-element elementor-element-341df90 elementor-widget elementor-widget-text-editor\" data-id=\"341df90\" data-element_type=\"widget\" data-e-type=\"widget\" data-settings=\"{&quot;_animation&quot;:&quot;none&quot;}\" data-widget_type=\"text-editor.default\">\n\t\t\t\t<div class=\"elementor-widget-container\">\n\t\t\t\t\t\t\t\t\t<p>The Th\u00e9\u00e2tre de la Massue - Cie \u00c9z\u00e9quiel Garcia-Romeu is the organiser of FORMA, Festival d'Objets Rares et de Marionnettes.<\/p>\n<p>The first international festival of puppet and object theatre to be held in Nice, FORMA gives the public access to the wealth of work produced by local and international puppeteers. It also gives professionals the chance to discover each other's work and discuss their respective practices.<\/p>\n<p><strong>The second edition of FORMA will take place from 28 March to 4 April 2026.<\/strong><\/p>\n<p><a href=\"https:\/\/ezequiel-garcia-romeu.com\/en\/forma-concept\/\" target=\"_blank\" rel=\"noopener\"><em>Find out more.<\/em><\/a><\/p>\t\t\t\t\t\t\t\t<\/div>\n\t\t\t\t<\/div>\n\t\t\t\t<div class=\"elementor-element elementor-element-fb7662a elementor-arrows-position-inside elementor-widget elementor-widget-image-carousel\" data-id=\"fb7662a\" data-element_type=\"widget\" data-e-type=\"widget\" data-settings=\"{&quot;slides_to_show&quot;:&quot;3&quot;,&quot;navigation&quot;:&quot;arrows&quot;,&quot;_animation&quot;:&quot;none&quot;,&quot;autoplay_speed&quot;:3000,&quot;autoplay&quot;:&quot;yes&quot;,&quot;pause_on_hover&quot;:&quot;yes&quot;,&quot;pause_on_interaction&quot;:&quot;yes&quot;,&quot;infinite&quot;:&quot;yes&quot;,&quot;speed&quot;:500}\" data-widget_type=\"image-carousel.default\">\n\t\t\t\t<div class=\"elementor-widget-container\">\n\t\t\t\t\t\t\t<div class=\"elementor-image-carousel-wrapper swiper\" role=\"region\" aria-roledescription=\"carousel\" aria-label=\"Image carousel\" dir=\"ltr\">\n\t\t\t<div class=\"elementor-image-carousel swiper-wrapper\" aria-live=\"off\">\n\t\t\t\t\t\t\t\t<div class=\"swiper-slide\" role=\"group\" aria-roledescription=\"slide\" aria-label=\"1 of 8\"><figure class=\"swiper-slide-inner\"><img decoding=\"async\" class=\"swiper-slide-image\" src=\"https:\/\/ezequiel-garcia-romeu.com\/wp-content\/uploads\/2025\/08\/oU6oZZJ--150x150.jpeg\" alt=\"oU6oZZJ-\" \/><\/figure><\/div><div class=\"swiper-slide\" role=\"group\" aria-roledescription=\"slide\" aria-label=\"2 out of 8\"><figure class=\"swiper-slide-inner\"><img decoding=\"async\" class=\"swiper-slide-image\" src=\"https:\/\/ezequiel-garcia-romeu.com\/wp-content\/uploads\/2025\/08\/Y3KAAPdA-150x150.jpeg\" alt=\"Y3KAAPdA\" \/><\/figure><\/div><div class=\"swiper-slide\" role=\"group\" aria-roledescription=\"slide\" aria-label=\"3 out of 8\"><figure class=\"swiper-slide-inner\"><img decoding=\"async\" class=\"swiper-slide-image\" src=\"https:\/\/ezequiel-garcia-romeu.com\/wp-content\/uploads\/2025\/08\/Y2Kp1wnL-150x150.jpeg\" alt=\"Y2Kp1wnL\" \/><\/figure><\/div><div class=\"swiper-slide\" role=\"group\" aria-roledescription=\"slide\" aria-label=\"4 out of 8\"><figure class=\"swiper-slide-inner\"><img decoding=\"async\" class=\"swiper-slide-image\" src=\"https:\/\/ezequiel-garcia-romeu.com\/wp-content\/uploads\/2025\/05\/4ypzvRxA-150x150.jpeg\" alt=\"4ypzvRxA\" \/><\/figure><\/div><div class=\"swiper-slide\" role=\"group\" aria-roledescription=\"slide\" aria-label=\"5 out of 8\"><figure class=\"swiper-slide-inner\"><img decoding=\"async\" class=\"swiper-slide-image\" src=\"https:\/\/ezequiel-garcia-romeu.com\/wp-content\/uploads\/2025\/08\/wYphiZZ_-150x150.jpeg\" alt=\"wYphiZZ_\" \/><\/figure><\/div><div class=\"swiper-slide\" role=\"group\" aria-roledescription=\"slide\" aria-label=\"6 out of 8\"><figure class=\"swiper-slide-inner\"><img decoding=\"async\" class=\"swiper-slide-image\" src=\"https:\/\/ezequiel-garcia-romeu.com\/wp-content\/uploads\/2025\/08\/fc9HMos6-150x150.jpeg\" alt=\"fc9HMos6\" \/><\/figure><\/div><div class=\"swiper-slide\" role=\"group\" aria-roledescription=\"slide\" aria-label=\"7 out of 8\"><figure class=\"swiper-slide-inner\"><img decoding=\"async\" class=\"swiper-slide-image\" src=\"https:\/\/ezequiel-garcia-romeu.com\/wp-content\/uploads\/2025\/08\/6fqUlduQ-150x150.jpeg\" alt=\"6fqUlduQ\" \/><\/figure><\/div><div class=\"swiper-slide\" role=\"group\" aria-roledescription=\"slide\" aria-label=\"8 of 8\"><figure class=\"swiper-slide-inner\"><img decoding=\"async\" class=\"swiper-slide-image\" src=\"https:\/\/ezequiel-garcia-romeu.com\/wp-content\/uploads\/2025\/03\/IMG_3113-150x150.jpg\" alt=\"IMG_3113\" \/><\/figure><\/div>\t\t\t<\/div>\n\t\t\t\t\t\t\t\t\t\t\t\t<div class=\"elementor-swiper-button elementor-swiper-button-prev\" role=\"button\" tabindex=\"0\">\n\t\t\t\t\t\t<svg aria-hidden=\"true\" class=\"e-font-icon-svg e-eicon-chevron-left\" viewbox=\"0 0 1000 1000\" xmlns=\"http:\/\/www.w3.org\/2000\/svg\"><path d=\"M646 125C629 125 613 133 604 142L308 442C296 454 292 471 292 487 292 504 296 521 308 533L604 854C617 867 629 875 646 875 663 875 679 871 692 858 704 846 713 829 713 812 713 796 708 779 692 767L438 487 692 225C700 217 708 204 708 187 708 171 704 154 692 142 675 129 663 125 646 125Z\"><\/path><\/svg>\t\t\t\t\t<\/div>\n\t\t\t\t\t<div class=\"elementor-swiper-button elementor-swiper-button-next\" role=\"button\" tabindex=\"0\">\n\t\t\t\t\t\t<svg aria-hidden=\"true\" class=\"e-font-icon-svg e-eicon-chevron-right\" viewbox=\"0 0 1000 1000\" xmlns=\"http:\/\/www.w3.org\/2000\/svg\"><path d=\"M696 533C708 521 713 504 713 487 713 471 708 454 696 446L400 146C388 133 375 125 354 125 338 125 325 129 313 142 300 154 292 171 292 187 292 204 296 221 308 233L563 492 304 771C292 783 288 800 288 817 288 833 296 850 308 863 321 871 338 875 354 875 371 875 388 867 400 854L696 533Z\"><\/path><\/svg>\t\t\t\t\t<\/div>\n\t\t\t\t\n\t\t\t\t\t\t\t\t\t<\/div>\n\t\t\t\t\t\t<\/div>\n\t\t\t\t<\/div>\n\t\t\t\t\t<\/div>\n\t\t<\/div>\n\t\t\t\t\t<\/div>\n\t\t<\/section>\n\t\t\t\t<div class=\"elementor-element elementor-element-9dc0946 elementor-widget elementor-widget-spacer\" data-id=\"9dc0946\" data-element_type=\"widget\" data-e-type=\"widget\" data-widget_type=\"spacer.default\">\n\t\t\t\t<div class=\"elementor-widget-container\">\n\t\t\t\t\t\t\t<div class=\"elementor-spacer\">\n\t\t\t<div class=\"elementor-spacer-inner\"><\/div>\n\t\t<\/div>\n\t\t\t\t\t\t<\/div>\n\t\t\t\t<\/div>\n\t\t\t\t\t<\/div>\n\t\t<\/div>\n\t\t\t\t\t<\/div>\n\t\t<\/section>\n\t\t\t\t<section class=\"elementor-section elementor-top-section elementor-element elementor-element-a723670 elementor-section-boxed elementor-section-height-default elementor-section-height-default\" data-id=\"a723670\" data-element_type=\"section\" data-e-type=\"section\" data-settings=\"{&quot;animation&quot;:&quot;none&quot;}\">\n\t\t\t\t\t\t<div class=\"elementor-container elementor-column-gap-default\">\n\t\t\t\t\t<div class=\"elementor-column elementor-col-100 elementor-top-column elementor-element elementor-element-057098b\" data-id=\"057098b\" data-element_type=\"column\" data-e-type=\"column\" data-settings=\"{&quot;animation&quot;:&quot;none&quot;}\">\n\t\t\t<div class=\"elementor-widget-wrap elementor-element-populated\">\n\t\t\t\t\t\t<section class=\"elementor-section elementor-inner-section elementor-element elementor-element-6e88a80 elementor-section-boxed elementor-section-height-default elementor-section-height-default\" data-id=\"6e88a80\" data-element_type=\"section\" data-e-type=\"section\">\n\t\t\t\t\t\t<div class=\"elementor-container elementor-column-gap-default\">\n\t\t\t\t\t<div class=\"elementor-column elementor-col-50 elementor-inner-column elementor-element elementor-element-500aec0\" data-id=\"500aec0\" data-element_type=\"column\" data-e-type=\"column\" data-settings=\"{&quot;animation&quot;:&quot;none&quot;}\">\n\t\t\t<div class=\"elementor-widget-wrap elementor-element-populated\">\n\t\t\t\t\t\t<div class=\"elementor-element elementor-element-8f5abc0 elementor-widget elementor-widget-text-editor\" data-id=\"8f5abc0\" data-element_type=\"widget\" data-e-type=\"widget\" data-settings=\"{&quot;_animation&quot;:&quot;none&quot;}\" data-widget_type=\"text-editor.default\">\n\t\t\t\t<div class=\"elementor-widget-container\">\n\t\t\t\t\t\t\t\t\t<p>The company welcomes artists, authors and companies to its studio for artistic residencies or as companions for puppet theatre, object theatre and shadow theatre projects.<\/p><p>These schemes enable us to contribute industry and finance, as well as passing on our knowledge and expertise.<\/p><p><a href=\"https:\/\/ezequiel-garcia-romeu.com\/en\/residences-artistiques-compagnonnages\/\" target=\"_blank\" rel=\"noopener\"><em>Find out more.<\/em><\/a><\/p>\t\t\t\t\t\t\t\t<\/div>\n\t\t\t\t<\/div>\n\t\t\t\t\t<\/div>\n\t\t<\/div>\n\t\t\t\t<div class=\"elementor-column elementor-col-50 elementor-inner-column elementor-element elementor-element-90792b5\" data-id=\"90792b5\" data-element_type=\"column\" data-e-type=\"column\" data-settings=\"{&quot;animation&quot;:&quot;none&quot;}\">\n\t\t\t<div class=\"elementor-widget-wrap elementor-element-populated\">\n\t\t\t\t\t\t<div class=\"elementor-element elementor-element-7da71ae elementor-widget elementor-widget-video\" data-id=\"7da71ae\" data-element_type=\"widget\" data-e-type=\"widget\" data-settings=\"{&quot;youtube_url&quot;:&quot;https:\\\/\\\/www.youtube.com\\\/watch?v=mI87ztVsCZE&quot;,&quot;_animation&quot;:&quot;none&quot;,&quot;video_type&quot;:&quot;youtube&quot;,&quot;controls&quot;:&quot;yes&quot;}\" data-widget_type=\"video.default\">\n\t\t\t\t<div class=\"elementor-widget-container\">\n\t\t\t\t\t\t\t<div class=\"elementor-wrapper elementor-open-inline\">\n\t\t\t<div class=\"elementor-video\"><\/div>\t\t<\/div>\n\t\t\t\t\t\t<\/div>\n\t\t\t\t<\/div>\n\t\t\t\t\t<\/div>\n\t\t<\/div>\n\t\t\t\t\t<\/div>\n\t\t<\/section>\n\t\t\t\t\t<\/div>\n\t\t<\/div>\n\t\t\t\t\t<\/div>\n\t\t<\/section>\n\t\t\t\t<\/div>","protected":false},"excerpt":{"rendered":"<p>sc\u00e9nographie, installations et marionnettes contemporaines Voir le catalogue de nos spectacles et activit\u00e9s Le Th\u00e9\u00e2tre de la Massue \u2013 Cie \u00c9z\u00e9quiel Garcia-Romeu est l&rsquo;organisateur du FORMA, Festival d&rsquo;Objets Rares et [&hellip;]<\/p>\n","protected":false},"author":1,"featured_media":0,"parent":0,"menu_order":0,"comment_status":"closed","ping_status":"closed","template":"","meta":{"footnotes":""},"class_list":["post-36","page","type-page","status-publish","hentry"],"_links":{"self":[{"href":"https:\/\/ezequiel-garcia-romeu.com\/en\/wp-json\/wp\/v2\/pages\/36","targetHints":{"allow":["GET"]}}],"collection":[{"href":"https:\/\/ezequiel-garcia-romeu.com\/en\/wp-json\/wp\/v2\/pages"}],"about":[{"href":"https:\/\/ezequiel-garcia-romeu.com\/en\/wp-json\/wp\/v2\/types\/page"}],"author":[{"embeddable":true,"href":"https:\/\/ezequiel-garcia-romeu.com\/en\/wp-json\/wp\/v2\/users\/1"}],"replies":[{"embeddable":true,"href":"https:\/\/ezequiel-garcia-romeu.com\/en\/wp-json\/wp\/v2\/comments?post=36"}],"version-history":[{"count":410,"href":"https:\/\/ezequiel-garcia-romeu.com\/en\/wp-json\/wp\/v2\/pages\/36\/revisions"}],"predecessor-version":[{"id":4134,"href":"https:\/\/ezequiel-garcia-romeu.com\/en\/wp-json\/wp\/v2\/pages\/36\/revisions\/4134"}],"wp:attachment":[{"href":"https:\/\/ezequiel-garcia-romeu.com\/en\/wp-json\/wp\/v2\/media?parent=36"}],"curies":[{"name":"wp","href":"https:\/\/api.w.org\/{rel}","templated":true}]}}