{"id":4390,"date":"2026-04-23T12:47:26","date_gmt":"2026-04-23T10:47:26","guid":{"rendered":"https:\/\/ezequiel-garcia-romeu.com\/?page_id=4390"},"modified":"2026-04-23T15:07:29","modified_gmt":"2026-04-23T13:07:29","slug":"theos-mekhanes","status":"publish","type":"page","link":"https:\/\/ezequiel-garcia-romeu.com\/en\/theos-mekhanes\/","title":{"rendered":"Theos Mekhanes"},"content":{"rendered":"<div data-elementor-type=\"wp-page\" data-elementor-id=\"4390\" class=\"elementor elementor-4390\">\n\t\t\t\t\t\t<section class=\"elementor-section elementor-top-section elementor-element elementor-element-0d088af elementor-section-boxed elementor-section-height-default elementor-section-height-default\" data-id=\"0d088af\" data-element_type=\"section\" data-e-type=\"section\">\n\t\t\t\t\t\t<div class=\"elementor-container elementor-column-gap-default\">\n\t\t\t\t\t<div class=\"elementor-column elementor-col-100 elementor-top-column elementor-element elementor-element-559f168\" data-id=\"559f168\" data-element_type=\"column\" data-e-type=\"column\">\n\t\t\t<div class=\"elementor-widget-wrap elementor-element-populated\">\n\t\t\t\t\t\t<div class=\"elementor-element elementor-element-b3fa2ff elementor-widget elementor-widget-heading\" data-id=\"b3fa2ff\" data-element_type=\"widget\" data-e-type=\"widget\" data-widget_type=\"heading.default\">\n\t\t\t\t<div class=\"elementor-widget-container\">\n\t\t\t\t\t<h2 class=\"elementor-heading-title elementor-size-default\">Theos Mekhanes<\/h2>\t\t\t\t<\/div>\n\t\t\t\t<\/div>\n\t\t\t\t\t<\/div>\n\t\t<\/div>\n\t\t\t\t\t<\/div>\n\t\t<\/section>\n\t\t\t\t<section class=\"elementor-section elementor-top-section elementor-element elementor-element-0cb1695 elementor-section-boxed elementor-section-height-default elementor-section-height-default\" data-id=\"0cb1695\" data-element_type=\"section\" data-e-type=\"section\">\n\t\t\t\t\t\t<div class=\"elementor-container elementor-column-gap-default\">\n\t\t\t\t\t<div class=\"elementor-column elementor-col-100 elementor-top-column elementor-element elementor-element-0cd8755\" data-id=\"0cd8755\" data-element_type=\"column\" data-e-type=\"column\">\n\t\t\t<div class=\"elementor-widget-wrap elementor-element-populated\">\n\t\t\t\t\t\t<div class=\"elementor-element elementor-element-66751a8 elementor-widget elementor-widget-image\" data-id=\"66751a8\" data-element_type=\"widget\" data-e-type=\"widget\" data-widget_type=\"image.default\">\n\t\t\t\t<div class=\"elementor-widget-container\">\n\t\t\t\t\t\t\t\t\t\t\t\t\t\t\t<img fetchpriority=\"high\" decoding=\"async\" width=\"1784\" height=\"1080\" src=\"https:\/\/ezequiel-garcia-romeu.com\/wp-content\/uploads\/2026\/04\/Ezequiel-dessin-pour-nouvelle-creation-crop.jpg\" class=\"attachment-full size-full wp-image-4394\" alt=\"\u00c9z\u00e9quiel-Garcia Romeu, dessin pour Theos Mekhanes\" srcset=\"https:\/\/ezequiel-garcia-romeu.com\/wp-content\/uploads\/2026\/04\/Ezequiel-dessin-pour-nouvelle-creation-crop.jpg 1784w, https:\/\/ezequiel-garcia-romeu.com\/wp-content\/uploads\/2026\/04\/Ezequiel-dessin-pour-nouvelle-creation-crop-300x182.jpg 300w, https:\/\/ezequiel-garcia-romeu.com\/wp-content\/uploads\/2026\/04\/Ezequiel-dessin-pour-nouvelle-creation-crop-1024x620.jpg 1024w, https:\/\/ezequiel-garcia-romeu.com\/wp-content\/uploads\/2026\/04\/Ezequiel-dessin-pour-nouvelle-creation-crop-768x465.jpg 768w, https:\/\/ezequiel-garcia-romeu.com\/wp-content\/uploads\/2026\/04\/Ezequiel-dessin-pour-nouvelle-creation-crop-1536x930.jpg 1536w, https:\/\/ezequiel-garcia-romeu.com\/wp-content\/uploads\/2026\/04\/Ezequiel-dessin-pour-nouvelle-creation-crop-18x12.jpg 18w\" sizes=\"(max-width: 1784px) 100vw, 1784px\" \/>\t\t\t\t\t\t\t\t\t\t\t\t\t\t\t<\/div>\n\t\t\t\t<\/div>\n\t\t\t\t<div class=\"elementor-element elementor-element-d9cbf06 elementor-widget__width-initial elementor-widget elementor-widget-text-editor\" data-id=\"d9cbf06\" data-element_type=\"widget\" data-e-type=\"widget\" data-widget_type=\"text-editor.default\">\n\t\t\t\t<div class=\"elementor-widget-container\">\n\t\t\t\t\t\t\t\t\t<p><span style=\"font-size: xx-small;\"><b>Dessin<\/b>\u00a0\u00c9z\u00e9quiel Garcia-Romeu<\/span><\/p>\t\t\t\t\t\t\t\t<\/div>\n\t\t\t\t<\/div>\n\t\t\t\t\t<\/div>\n\t\t<\/div>\n\t\t\t\t\t<\/div>\n\t\t<\/section>\n\t\t\t\t<section class=\"elementor-section elementor-top-section elementor-element elementor-element-fafbffb elementor-section-boxed elementor-section-height-default elementor-section-height-default\" data-id=\"fafbffb\" data-element_type=\"section\" data-e-type=\"section\">\n\t\t\t\t\t\t<div class=\"elementor-container elementor-column-gap-default\">\n\t\t\t\t\t<div class=\"elementor-column elementor-col-100 elementor-top-column elementor-element elementor-element-b68593e\" data-id=\"b68593e\" data-element_type=\"column\" data-e-type=\"column\">\n\t\t\t<div class=\"elementor-widget-wrap elementor-element-populated\">\n\t\t\t\t\t\t<div class=\"elementor-element elementor-element-da04f21 elementor-widget elementor-widget-text-editor\" data-id=\"da04f21\" data-element_type=\"widget\" data-e-type=\"widget\" data-widget_type=\"text-editor.default\">\n\t\t\t\t<div class=\"elementor-widget-container\">\n\t\t\t\t\t\t\t\t\t<p><em>Theos Mekhanes<\/em> met en sc\u00e8ne un portrait de famille qu\u2019une conscience artificielle a d\u00e9poss\u00e9d\u00e9 de leur cerveau. Nous utiliserons la conscience artificielle comme m\u00e9taphore d\u2019une entit\u00e9 sup\u00e9rieure \u00e0 laquelle ils ob\u00e9issent totalement, les d\u00e9chargeant de la responsabilit\u00e9 particuli\u00e8re de leurs actes. Celle-l\u00e0 se substitue \u00e0 leur esprit critique, les plongeant dans l\u2019illusion hypnotique de dialogues int\u00e9rieurs auxquels ils accordent l\u2019autorit\u00e9 de la v\u00e9racit\u00e9.<br \/><br \/>Sont-ils vraiment les membres d&rsquo;une m\u00eame famille ? C&rsquo;est \u00e0 la fin du spectacle que nous en aurons la r\u00e9v\u00e9lation. Ce sont pour nous autant de portraits d\u2019hommes, de femmes ou d\u2019enfants contemporains, \u00e9voluant dans un milieu qui op\u00e8re sur leurs destin\u00e9es et que nous pourrions comparer \u00e0 notre monde actuel.<br \/><br \/>Sur sc\u00e8ne, un com\u00e9dien et deux com\u00e9diennes, tels les trois Parques ou les trois Nornes, \u0153uvrent \u00e0 la manipulation et \u00e0 la destin\u00e9e de nos personnages.<\/p><p>Ce spectacle est une recherche de la soci\u00e9t\u00e9 en miniature, avec des notes d&rsquo;humour, de satire, d&rsquo;absurde et d&rsquo;images po\u00e9tiques et symboliques. La situation \u00e9volue et s&rsquo;\u00e9puise, comme un jouet dont le ressort s&rsquo;est d\u00e9roul\u00e9 jusqu&rsquo;\u00e0 l&rsquo;\u00e9tat de repos, ou a \u00e9t\u00e9 comprim\u00e9 si fort qu&rsquo;il a saut\u00e9 sous l&rsquo;effet de la tension. Apr\u00e8s quoi, comme \u00e0 travers un kal\u00e9idoscope, nous nous retrouvons dans une autre situation, ou peut-\u00eatre dans une autre perspective. Ainsi, nous rassemblons pi\u00e8ce par pi\u00e8ce une image bris\u00e9e.<\/p>\t\t\t\t\t\t\t\t<\/div>\n\t\t\t\t<\/div>\n\t\t\t\t<div class=\"elementor-element elementor-element-f7c75ee elementor-widget elementor-widget-eael-adv-accordion\" data-id=\"f7c75ee\" data-element_type=\"widget\" data-e-type=\"widget\" data-widget_type=\"eael-adv-accordion.default\">\n\t\t\t\t<div class=\"elementor-widget-container\">\n\t\t\t\t\t            <div class=\"eael-adv-accordion\" id=\"eael-adv-accordion-f7c75ee\" data-scroll-on-click=\"no\" data-scroll-speed=\"300\" data-accordion-id=\"f7c75ee\" data-accordion-type=\"accordion\" data-toogle-speed=\"300\">\n            <div class=\"eael-accordion-list\">\n\t\t\t\t\t<div id=\"distribution\" class=\"elementor-tab-title eael-accordion-header\" tabindex=\"0\" data-tab=\"1\" aria-controls=\"elementor-tab-content-2591\"><span class=\"eael-advanced-accordion-icon-closed\"><svg aria-hidden=\"true\" class=\"fa-accordion-icon e-font-icon-svg e-fas-plus\" viewbox=\"0 0 448 512\" xmlns=\"http:\/\/www.w3.org\/2000\/svg\"><path d=\"M416 208H272V64c0-17.67-14.33-32-32-32h-32c-17.67 0-32 14.33-32 32v144H32c-17.67 0-32 14.33-32 32v32c0 17.67 14.33 32 32 32h144v144c0 17.67 14.33 32 32 32h32c17.67 0 32-14.33 32-32V304h144c17.67 0 32-14.33 32-32v-32c0-17.67-14.33-32-32-32z\"><\/path><\/svg><\/span><span class=\"eael-advanced-accordion-icon-opened\"><svg aria-hidden=\"true\" class=\"fa-accordion-icon e-font-icon-svg e-fas-minus\" viewbox=\"0 0 448 512\" xmlns=\"http:\/\/www.w3.org\/2000\/svg\"><path d=\"M416 208H32c-17.67 0-32 14.33-32 32v32c0 17.67 14.33 32 32 32h384c17.67 0 32-14.33 32-32v-32c0-17.67-14.33-32-32-32z\"><\/path><\/svg><\/span><span class=\"eael-accordion-tab-title\">Casting<\/span><\/div><div id=\"elementor-tab-content-2591\" class=\"eael-accordion-content clearfix\" data-tab=\"1\" aria-labelledby=\"distribution\"><p><strong>Conception et mise en sc\u00e8ne<\/strong><\/p><ul><li>\u00c9z\u00e9quiel Garcia-Romeu<\/li><li>Daria Holovchanska<\/li><\/ul><p><strong><br \/>Dramaturgie<\/strong><br \/><em>En cours de distribution<\/em><\/p><p><strong><br \/>Jeu et marionnettes<\/strong><\/p><ul><li>\u00c9z\u00e9quiel Garcia-Romeu<\/li><li>Daria Holovchanska<\/li><li>Roxane Merten-Pallanca<\/li><\/ul><p><strong><br \/>Lumi\u00e8res<\/strong><\/p><ul><li>Emmanuel Guedj<\/li><\/ul><p><strong><br \/>Cr\u00e9ation sonore<\/strong><br \/><em>En cours de distribution<\/em><\/p><p><strong><br \/>R\u00e9gie<\/strong><\/p><ul><li>Thierry Hett<\/li><\/ul><p><strong><br \/>Production manager<\/strong><\/p><ul><li>Marie-France Leccia<\/li><\/ul><\/div>\n\t\t\t\t\t<\/div><div class=\"eael-accordion-list\">\n\t\t\t\t\t<div id=\"dossier-artistique\" class=\"elementor-tab-title eael-accordion-header\" tabindex=\"0\" data-tab=\"2\" aria-controls=\"elementor-tab-content-2592\"><span class=\"eael-advanced-accordion-icon-closed\"><svg aria-hidden=\"true\" class=\"fa-accordion-icon e-font-icon-svg e-fas-plus\" viewbox=\"0 0 448 512\" xmlns=\"http:\/\/www.w3.org\/2000\/svg\"><path d=\"M416 208H272V64c0-17.67-14.33-32-32-32h-32c-17.67 0-32 14.33-32 32v144H32c-17.67 0-32 14.33-32 32v32c0 17.67 14.33 32 32 32h144v144c0 17.67 14.33 32 32 32h32c17.67 0 32-14.33 32-32V304h144c17.67 0 32-14.33 32-32v-32c0-17.67-14.33-32-32-32z\"><\/path><\/svg><\/span><span class=\"eael-advanced-accordion-icon-opened\"><svg aria-hidden=\"true\" class=\"fa-accordion-icon e-font-icon-svg e-fas-minus\" viewbox=\"0 0 448 512\" xmlns=\"http:\/\/www.w3.org\/2000\/svg\"><path d=\"M416 208H32c-17.67 0-32 14.33-32 32v32c0 17.67 14.33 32 32 32h384c17.67 0 32-14.33 32-32v-32c0-17.67-14.33-32-32-32z\"><\/path><\/svg><\/span><span class=\"eael-accordion-tab-title\">Artistic Dossier<\/span><\/div><div id=\"elementor-tab-content-2592\" class=\"eael-accordion-content clearfix\" data-tab=\"2\" aria-labelledby=\"dossier-artistique\"><p><a href=\"https:\/\/ezequiel-garcia-romeu.com\/wp-content\/uploads\/2026\/04\/DossierCreation-TheosMekhanes-2.pdf\" target=\"_blank\" rel=\"noopener\">Ouvrir le Dossier Artistique (fran\u00e7ais)<\/a><\/p><p><em>English dossier soon available.<\/em><\/p><\/div>\n\t\t\t\t\t<\/div><div class=\"eael-accordion-list\">\n\t\t\t\t\t<div id=\"fiche-technique\" class=\"elementor-tab-title eael-accordion-header\" tabindex=\"0\" data-tab=\"3\" aria-controls=\"elementor-tab-content-2593\"><span class=\"eael-advanced-accordion-icon-closed\"><svg aria-hidden=\"true\" class=\"fa-accordion-icon e-font-icon-svg e-fas-plus\" viewbox=\"0 0 448 512\" xmlns=\"http:\/\/www.w3.org\/2000\/svg\"><path d=\"M416 208H272V64c0-17.67-14.33-32-32-32h-32c-17.67 0-32 14.33-32 32v144H32c-17.67 0-32 14.33-32 32v32c0 17.67 14.33 32 32 32h144v144c0 17.67 14.33 32 32 32h32c17.67 0 32-14.33 32-32V304h144c17.67 0 32-14.33 32-32v-32c0-17.67-14.33-32-32-32z\"><\/path><\/svg><\/span><span class=\"eael-advanced-accordion-icon-opened\"><svg aria-hidden=\"true\" class=\"fa-accordion-icon e-font-icon-svg e-fas-minus\" viewbox=\"0 0 448 512\" xmlns=\"http:\/\/www.w3.org\/2000\/svg\"><path d=\"M416 208H32c-17.67 0-32 14.33-32 32v32c0 17.67 14.33 32 32 32h384c17.67 0 32-14.33 32-32v-32c0-17.67-14.33-32-32-32z\"><\/path><\/svg><\/span><span class=\"eael-accordion-tab-title\">Technical Rider<\/span><\/div><div id=\"elementor-tab-content-2593\" class=\"eael-accordion-content clearfix\" data-tab=\"3\" aria-labelledby=\"fiche-technique\"><p><em>En cours d&rsquo;\u00e9laboration.<\/em><\/p><\/div>\n\t\t\t\t\t<\/div><\/div>\t\t\t\t<\/div>\n\t\t\t\t<\/div>\n\t\t\t\t\t<\/div>\n\t\t<\/div>\n\t\t\t\t\t<\/div>\n\t\t<\/section>\n\t\t\t\t<\/div>","protected":false},"excerpt":{"rendered":"<p>Theos Mekhanes Dessin\u00a0\u00c9z\u00e9quiel Garcia-Romeu Theos Mekhanes met en sc\u00e8ne un portrait de famille qu\u2019une conscience artificielle a d\u00e9poss\u00e9d\u00e9 de leur cerveau. Nous utiliserons la conscience artificielle comme m\u00e9taphore d\u2019une entit\u00e9 [&hellip;]<\/p>\n","protected":false},"author":3,"featured_media":0,"parent":0,"menu_order":0,"comment_status":"closed","ping_status":"closed","template":"","meta":{"footnotes":""},"class_list":["post-4390","page","type-page","status-publish","hentry"],"_links":{"self":[{"href":"https:\/\/ezequiel-garcia-romeu.com\/en\/wp-json\/wp\/v2\/pages\/4390","targetHints":{"allow":["GET"]}}],"collection":[{"href":"https:\/\/ezequiel-garcia-romeu.com\/en\/wp-json\/wp\/v2\/pages"}],"about":[{"href":"https:\/\/ezequiel-garcia-romeu.com\/en\/wp-json\/wp\/v2\/types\/page"}],"author":[{"embeddable":true,"href":"https:\/\/ezequiel-garcia-romeu.com\/en\/wp-json\/wp\/v2\/users\/3"}],"replies":[{"embeddable":true,"href":"https:\/\/ezequiel-garcia-romeu.com\/en\/wp-json\/wp\/v2\/comments?post=4390"}],"version-history":[{"count":7,"href":"https:\/\/ezequiel-garcia-romeu.com\/en\/wp-json\/wp\/v2\/pages\/4390\/revisions"}],"predecessor-version":[{"id":4450,"href":"https:\/\/ezequiel-garcia-romeu.com\/en\/wp-json\/wp\/v2\/pages\/4390\/revisions\/4450"}],"wp:attachment":[{"href":"https:\/\/ezequiel-garcia-romeu.com\/en\/wp-json\/wp\/v2\/media?parent=4390"}],"curies":[{"name":"wp","href":"https:\/\/api.w.org\/{rel}","templated":true}]}}