{"id":59,"date":"2024-04-10T09:36:40","date_gmt":"2024-04-10T07:36:40","guid":{"rendered":"https:\/\/ezequiel-garcia-romeu.com\/?page_id=59"},"modified":"2025-05-07T10:38:21","modified_gmt":"2025-05-07T08:38:21","slug":"direction-artistique","status":"publish","type":"page","link":"https:\/\/ezequiel-garcia-romeu.com\/en\/direction-artistique\/","title":{"rendered":"Artistic Direction"},"content":{"rendered":"<div data-elementor-type=\"wp-page\" data-elementor-id=\"59\" class=\"elementor elementor-59\">\n\t\t\t\t\t\t<section class=\"elementor-section elementor-top-section elementor-element elementor-element-9c5f642 elementor-section-boxed elementor-section-height-default elementor-section-height-default\" data-id=\"9c5f642\" data-element_type=\"section\" data-e-type=\"section\">\n\t\t\t\t\t\t<div class=\"elementor-container elementor-column-gap-default\">\n\t\t\t\t\t<div class=\"elementor-column elementor-col-100 elementor-top-column elementor-element elementor-element-3e19f4e\" data-id=\"3e19f4e\" data-element_type=\"column\" data-e-type=\"column\">\n\t\t\t<div class=\"elementor-widget-wrap elementor-element-populated\">\n\t\t\t\t\t\t<section class=\"elementor-section elementor-inner-section elementor-element elementor-element-1b99f44 elementor-section-boxed elementor-section-height-default elementor-section-height-default\" data-id=\"1b99f44\" data-element_type=\"section\" data-e-type=\"section\">\n\t\t\t\t\t\t<div class=\"elementor-container elementor-column-gap-default\">\n\t\t\t\t\t<div class=\"elementor-column elementor-col-100 elementor-inner-column elementor-element elementor-element-7ea9d0c\" data-id=\"7ea9d0c\" data-element_type=\"column\" data-e-type=\"column\">\n\t\t\t<div class=\"elementor-widget-wrap elementor-element-populated\">\n\t\t\t\t\t\t<div class=\"elementor-element elementor-element-c149cb4 elementor-position-right elementor-vertical-align-middle elementor-widget elementor-widget-image-box\" data-id=\"c149cb4\" data-element_type=\"widget\" data-e-type=\"widget\" data-widget_type=\"image-box.default\">\n\t\t\t\t<div class=\"elementor-widget-container\">\n\t\t\t\t\t<div class=\"elementor-image-box-wrapper\"><figure class=\"elementor-image-box-img\"><img fetchpriority=\"high\" decoding=\"async\" width=\"200\" height=\"300\" src=\"https:\/\/ezequiel-garcia-romeu.com\/wp-content\/uploads\/2024\/04\/Ezequiel-2-200x300.jpg\" class=\"attachment-medium size-medium wp-image-858\" alt=\"\" srcset=\"https:\/\/ezequiel-garcia-romeu.com\/wp-content\/uploads\/2024\/04\/Ezequiel-2-200x300.jpg 200w, https:\/\/ezequiel-garcia-romeu.com\/wp-content\/uploads\/2024\/04\/Ezequiel-2-683x1024.jpg 683w, https:\/\/ezequiel-garcia-romeu.com\/wp-content\/uploads\/2024\/04\/Ezequiel-2-768x1152.jpg 768w, https:\/\/ezequiel-garcia-romeu.com\/wp-content\/uploads\/2024\/04\/Ezequiel-2-1024x1536.jpg 1024w, https:\/\/ezequiel-garcia-romeu.com\/wp-content\/uploads\/2024\/04\/Ezequiel-2-1365x2048.jpg 1365w, https:\/\/ezequiel-garcia-romeu.com\/wp-content\/uploads\/2024\/04\/Ezequiel-2.jpg 1600w\" sizes=\"(max-width: 200px) 100vw, 200px\" \/><\/figure><div class=\"elementor-image-box-content\"><h3 class=\"elementor-image-box-title\">\u00c9Z\u00c9QUIEL GARCIA-ROMEU <\/h3><p class=\"elementor-image-box-description\">Director, scenographer, puppeteer.<\/p><\/div><\/div>\t\t\t\t<\/div>\n\t\t\t\t<\/div>\n\t\t\t\t\t<\/div>\n\t\t<\/div>\n\t\t\t\t\t<\/div>\n\t\t<\/section>\n\t\t\t\t<div class=\"elementor-element elementor-element-c3e9c11 elementor-widget elementor-widget-text-editor\" data-id=\"c3e9c11\" data-element_type=\"widget\" data-e-type=\"widget\" data-widget_type=\"text-editor.default\">\n\t\t\t\t<div class=\"elementor-widget-container\">\n\t\t\t\t\t\t\t\t\t<p><span style=\"font-weight: 400;\">\u00c9z\u00e9quiel Garcia-Romeu, artistic director of the Th\u00e9\u00e2tre de la Massue, is an inventor of universes; a director and scenographer based at Le 109, Nice's Center of Contemporary Cultures, he works in partnership with the Entre-Pont, which he has co-directed since 2012. <\/span><\/p>\n<p><span style=\"font-weight: 400;\">He explores contemporary forms of puppetry and new stage writing. His work is conceived as a paradigm within a creative theatrical laboratory.<\/span><\/p>\n<p><span style=\"font-weight: 400;\">His shows have been programmed at the Th\u00e9\u00e2tre National de Chaillot, the Od\u00e9on, the Th\u00e9\u00e2tre de la Commune, the Auditorium du Mus\u00e9e d'Orsay, the Festival in d'Avignon, the Berliner Festspiele, and numerous festivals and venues around the world, which he continues to visit, such as FIBA (Buenos-Aires) or Santiago a Mil (Chile) and the FMTM in Charleville.<\/span><\/p>\n<p><span style=\"font-weight: 400;\">Between 2015 and 2023,&nbsp;<\/span>\"Le Petit Th\u00e9\u00e2tre du Bout du Monde\", <i><span style=\"font-weight: 400;\">work in progress<\/span><\/i><span style=\"font-weight: 400;\">(in co-production with the Th\u00e9\u00e2tre National de Nice, the TJP - Centre Dramatique National de Strasbourg, La Chartreuse de Villeneuve-l\u00e8s-Avignon and the Th\u00e9\u00e2tre d'Arles).  This form will evolve and change over time. The final production of Petit Th\u00e9\u00e2tre du Bout du Monde will premiere at the Festival Mondial de Charleville-M\u00e9zi\u00e8res in September 2023, then at Th\u00e9\u00e2tre 71 (Sc\u00e8ne nationale de Malakoff) and Th\u00e9\u00e2tre National de Nice in 2025.&nbsp; <br><\/span><\/p>\t\t\t\t\t\t\t\t<\/div>\n\t\t\t\t<\/div>\n\t\t\t\t<section class=\"elementor-section elementor-inner-section elementor-element elementor-element-e5bc0fa elementor-section-boxed elementor-section-height-default elementor-section-height-default\" data-id=\"e5bc0fa\" data-element_type=\"section\" data-e-type=\"section\" data-settings=\"{&quot;background_background&quot;:&quot;classic&quot;}\">\n\t\t\t\t\t\t<div class=\"elementor-container elementor-column-gap-default\">\n\t\t\t\t\t<div class=\"elementor-column elementor-col-100 elementor-inner-column elementor-element elementor-element-c7aa07b\" data-id=\"c7aa07b\" data-element_type=\"column\" data-e-type=\"column\">\n\t\t\t<div class=\"elementor-widget-wrap\">\n\t\t\t\t\t\t\t<\/div>\n\t\t<\/div>\n\t\t\t\t\t<\/div>\n\t\t<\/section>\n\t\t\t\t<div class=\"elementor-element elementor-element-afb810f elementor-widget elementor-widget-text-editor\" data-id=\"afb810f\" data-element_type=\"widget\" data-e-type=\"widget\" data-widget_type=\"text-editor.default\">\n\t\t\t\t<div class=\"elementor-widget-container\">\n\t\t\t\t\t\t\t\t\t<p><span style=\"font-weight: 400;\">He took part in St\u00e9phane Briz\u00e9's feature film, <em>Un Autre Monde (Another World)<\/em>, released in France's movie theaters in March 2022.<\/span><span style=\"font-weight: 400;\"><br><\/span><span style=\"font-weight: 400;\">He is also developing training workshops and an artistic residency project at Le 109 in Nice with l'Entre-Pont and his company.<\/span><\/p>\n<p><span style=\"font-weight: 400;\">He was associate professional teacher, PAST, at the University of Nice Sophia-Antipolis, from 2015 to 2022. He took part in a workshop at the Ecole Nationale Sup\u00e9rieure de la Marionnette in Charleville M\u00e9zi\u00e8res in 2017.<\/span><\/p>\n<p><span style=\"font-weight: 400;\">He directs the INEUPUP Creative Europe project, which aims to develop contemporary puppetry, and has brought together a number of European theatre and higher education partners, including the UCA and the Arts Department, with the participation of Jean-Fran\u00e7ois Trubert.<\/span><\/p>\n<p><span style=\"font-weight: 400;\">\u00c9z\u00e9quiel Garcia-Romeu was associate director at the Th\u00e9\u00e2tre Granit - sc\u00e8ne nationale de Belfort (1999-2003), at the Th\u00e9\u00e2tre de la Manufacture - Centre Dramatique National de Nancy (2007-2009), at the Th\u00e9\u00e2tre de la Commune, Centre Dramatique National d'Aubervilliers (2013)<\/span><span style=\"font-weight: 400;\">.<br><\/span><\/p>\t\t\t\t\t\t\t\t<\/div>\n\t\t\t\t<\/div>\n\t\t\t\t\t<\/div>\n\t\t<\/div>\n\t\t\t\t\t<\/div>\n\t\t<\/section>\n\t\t\t\t<\/div>","protected":false},"excerpt":{"rendered":"<p>\u00c9Z\u00c9QUIEL GARCIA-ROMEU Metteur en sc\u00e8ne, sc\u00e9nographe, marionnettiste. \u00c9z\u00e9quiel Garcia-Romeu, directeur artistique du Th\u00e9\u00e2tre de la Massue, est un inventeur d\u2019univers ; metteur en sc\u00e8ne et sc\u00e9nographe, install\u00e9 au 109, le [&hellip;]<\/p>\n","protected":false},"author":1,"featured_media":0,"parent":0,"menu_order":0,"comment_status":"closed","ping_status":"closed","template":"","meta":{"footnotes":""},"class_list":["post-59","page","type-page","status-publish","hentry"],"_links":{"self":[{"href":"https:\/\/ezequiel-garcia-romeu.com\/en\/wp-json\/wp\/v2\/pages\/59","targetHints":{"allow":["GET"]}}],"collection":[{"href":"https:\/\/ezequiel-garcia-romeu.com\/en\/wp-json\/wp\/v2\/pages"}],"about":[{"href":"https:\/\/ezequiel-garcia-romeu.com\/en\/wp-json\/wp\/v2\/types\/page"}],"author":[{"embeddable":true,"href":"https:\/\/ezequiel-garcia-romeu.com\/en\/wp-json\/wp\/v2\/users\/1"}],"replies":[{"embeddable":true,"href":"https:\/\/ezequiel-garcia-romeu.com\/en\/wp-json\/wp\/v2\/comments?post=59"}],"version-history":[{"count":206,"href":"https:\/\/ezequiel-garcia-romeu.com\/en\/wp-json\/wp\/v2\/pages\/59\/revisions"}],"predecessor-version":[{"id":3128,"href":"https:\/\/ezequiel-garcia-romeu.com\/en\/wp-json\/wp\/v2\/pages\/59\/revisions\/3128"}],"wp:attachment":[{"href":"https:\/\/ezequiel-garcia-romeu.com\/en\/wp-json\/wp\/v2\/media?parent=59"}],"curies":[{"name":"wp","href":"https:\/\/api.w.org\/{rel}","templated":true}]}}