{"id":827,"date":"2024-04-28T21:43:35","date_gmt":"2024-04-28T19:43:35","guid":{"rendered":"https:\/\/ezequiel-garcia-romeu.com\/?page_id=827"},"modified":"2024-05-20T11:07:56","modified_gmt":"2024-05-20T09:07:56","slug":"mentions-legales","status":"publish","type":"page","link":"https:\/\/ezequiel-garcia-romeu.com\/en\/mentions-legales\/","title":{"rendered":"Legal information"},"content":{"rendered":"<div data-elementor-type=\"wp-page\" data-elementor-id=\"827\" class=\"elementor elementor-827\">\n\t\t\t\t\t\t<section class=\"elementor-section elementor-top-section elementor-element elementor-element-97b6ca5 elementor-section-boxed elementor-section-height-default elementor-section-height-default\" data-id=\"97b6ca5\" data-element_type=\"section\" data-e-type=\"section\">\n\t\t\t\t\t\t<div class=\"elementor-container elementor-column-gap-default\">\n\t\t\t\t\t<div class=\"elementor-column elementor-col-100 elementor-top-column elementor-element elementor-element-faf8276\" data-id=\"faf8276\" data-element_type=\"column\" data-e-type=\"column\">\n\t\t\t<div class=\"elementor-widget-wrap elementor-element-populated\">\n\t\t\t\t\t\t<div class=\"elementor-element elementor-element-64cbc36 elementor-widget elementor-widget-heading\" data-id=\"64cbc36\" data-element_type=\"widget\" data-e-type=\"widget\" data-widget_type=\"heading.default\">\n\t\t\t\t<div class=\"elementor-widget-container\">\n\t\t\t\t\t<h1 class=\"elementor-heading-title elementor-size-default\">Legal information<\/h1>\t\t\t\t<\/div>\n\t\t\t\t<\/div>\n\t\t\t\t<div class=\"elementor-element elementor-element-c262e5c elementor-widget elementor-widget-heading\" data-id=\"c262e5c\" data-element_type=\"widget\" data-e-type=\"widget\" data-widget_type=\"heading.default\">\n\t\t\t\t<div class=\"elementor-widget-container\">\n\t\t\t\t\t<h2 class=\"elementor-heading-title elementor-size-default\">Publisher<\/h2>\t\t\t\t<\/div>\n\t\t\t\t<\/div>\n\t\t\t\t<div class=\"elementor-element elementor-element-6fc53e7 elementor-widget elementor-widget-text-editor\" data-id=\"6fc53e7\" data-element_type=\"widget\" data-e-type=\"widget\" data-widget_type=\"text-editor.default\">\n\t\t\t\t<div class=\"elementor-widget-container\">\n\t\t\t\t\t\t\t\t\t<p>Th\u00e9\u00e2tre de la Massue<br \/>Association under the law of 1901 created in 1985<br \/>89 route de Turin - 06300 Nice<br \/>SIRET: 33432513100053<br \/>APE Code: Performing arts (9001Z)<br \/>Intracommunity VAT: FR61334325131<br \/>Telephone: +33 6 49 42 49 33<br \/>Email : contact@ezequiel-garcia-romeu.com<\/p>\t\t\t\t\t\t\t\t<\/div>\n\t\t\t\t<\/div>\n\t\t\t\t<div class=\"elementor-element elementor-element-46937f9 elementor-widget elementor-widget-heading\" data-id=\"46937f9\" data-element_type=\"widget\" data-e-type=\"widget\" data-widget_type=\"heading.default\">\n\t\t\t\t<div class=\"elementor-widget-container\">\n\t\t\t\t\t<h2 class=\"elementor-heading-title elementor-size-default\">Hosting<\/h2>\t\t\t\t<\/div>\n\t\t\t\t<\/div>\n\t\t\t\t<div class=\"elementor-element elementor-element-2948085 elementor-widget elementor-widget-text-editor\" data-id=\"2948085\" data-element_type=\"widget\" data-e-type=\"widget\" data-widget_type=\"text-editor.default\">\n\t\t\t\t<div class=\"elementor-widget-container\">\n\t\t\t\t\t\t\t\t\t<p>The company HOSTINGER, whose registered office is at HOSTINGER INTERNATIONAL LTD, 61 Lordou Vironos Street, 6023 Larnaca, Cyprus, can be contacted at the following email address\u00a0<a href=\"mailto:support@hostinger.com\">support@hostinger.com<\/a><\/p>\t\t\t\t\t\t\t\t<\/div>\n\t\t\t\t<\/div>\n\t\t\t\t<div class=\"elementor-element elementor-element-0aabd0a elementor-widget elementor-widget-heading\" data-id=\"0aabd0a\" data-element_type=\"widget\" data-e-type=\"widget\" data-widget_type=\"heading.default\">\n\t\t\t\t<div class=\"elementor-widget-container\">\n\t\t\t\t\t<h2 class=\"elementor-heading-title elementor-size-default\">Website development<\/h2>\t\t\t\t<\/div>\n\t\t\t\t<\/div>\n\t\t\t\t<div class=\"elementor-element elementor-element-1b7fd3d elementor-widget elementor-widget-text-editor\" data-id=\"1b7fd3d\" data-element_type=\"widget\" data-e-type=\"widget\" data-widget_type=\"text-editor.default\">\n\t\t\t\t<div class=\"elementor-widget-container\">\n\t\t\t\t\t\t\t\t\t<p><a href=\"https:\/\/aquaketa.net\/\" target=\"_blank\" rel=\"noopener\">Aquaketa, Web Strategy and Development<\/a><\/p>\t\t\t\t\t\t\t\t<\/div>\n\t\t\t\t<\/div>\n\t\t\t\t<div class=\"elementor-element elementor-element-5aa4a64 elementor-widget elementor-widget-heading\" data-id=\"5aa4a64\" data-element_type=\"widget\" data-e-type=\"widget\" data-widget_type=\"heading.default\">\n\t\t\t\t<div class=\"elementor-widget-container\">\n\t\t\t\t\t<h2 class=\"elementor-heading-title elementor-size-default\">Intellectual property<\/h2>\t\t\t\t<\/div>\n\t\t\t\t<\/div>\n\t\t\t\t<div class=\"elementor-element elementor-element-89fc0b5 elementor-widget elementor-widget-text-editor\" data-id=\"89fc0b5\" data-element_type=\"widget\" data-e-type=\"widget\" data-widget_type=\"text-editor.default\">\n\t\t\t\t<div class=\"elementor-widget-container\">\n\t\t\t\t\t\t\t\t\t<p>With the exception of private use for strictly personal purposes, any reproduction, any total or partial representation, any use, any adaptation, any making available or modification of the works, images, texts, downloadable documents, video or sound files of the website, by any process whatsoever, by any person whatsoever and by any means whatsoever (in particular sale, marketing, etc.) without the express authorisation of the Th\u00e9\u00e2tre la Massue, any authors or their successors in title, is strictly prohibited and constitutes an infringement of copyright within the meaning of the intellectual property code.) without the express authorisation of the Th\u00e9\u00e2tre de la Massue, any authors or their beneficiaries, is strictly forbidden and constitutes an infringement of intellectual property rights.<\/p>\t\t\t\t\t\t\t\t<\/div>\n\t\t\t\t<\/div>\n\t\t\t\t<div class=\"elementor-element elementor-element-251146a elementor-widget elementor-widget-heading\" data-id=\"251146a\" data-element_type=\"widget\" data-e-type=\"widget\" data-widget_type=\"heading.default\">\n\t\t\t\t<div class=\"elementor-widget-container\">\n\t\t\t\t\t<h2 class=\"elementor-heading-title elementor-size-default\">Credits for photos, videos and drawings<\/h2>\t\t\t\t<\/div>\n\t\t\t\t<\/div>\n\t\t\t\t<div class=\"elementor-element elementor-element-02075c4 elementor-widget elementor-widget-text-editor\" data-id=\"02075c4\" data-element_type=\"widget\" data-e-type=\"widget\" data-widget_type=\"text-editor.default\">\n\t\t\t\t<div class=\"elementor-widget-container\">\n\t\t\t\t\t\t\t\t\t<p>Nathalie Sternalski, Sonia Almaguer, Juliana Dubovska, Ezequiel Garcia-Romeu, Elisa Garcia-Romeu, Vanessa Popova, Lara Montagnac, Lin Delpierre.<\/p>\t\t\t\t\t\t\t\t<\/div>\n\t\t\t\t<\/div>\n\t\t\t\t<div class=\"elementor-element elementor-element-9d63553 elementor-widget elementor-widget-heading\" data-id=\"9d63553\" data-element_type=\"widget\" data-e-type=\"widget\" data-widget_type=\"heading.default\">\n\t\t\t\t<div class=\"elementor-widget-container\">\n\t\t\t\t\t<h2 class=\"elementor-heading-title elementor-size-default\">Moral rights<\/h2>\t\t\t\t<\/div>\n\t\t\t\t<\/div>\n\t\t\t\t<div class=\"elementor-element elementor-element-1bafd1b elementor-widget elementor-widget-text-editor\" data-id=\"1bafd1b\" data-element_type=\"widget\" data-e-type=\"widget\" data-widget_type=\"text-editor.default\">\n\t\t\t\t<div class=\"elementor-widget-container\">\n\t\t\t\t\t\t\t\t\t<p>In accordance with the Intellectual Property Code, all authors have the right to respect for their name and the integrity of their work. Any use of content protected as a work by the intellectual property code must therefore be made without modification and must include the name of its author and of the assignee of the rights where applicable.<\/p>\t\t\t\t\t\t\t\t<\/div>\n\t\t\t\t<\/div>\n\t\t\t\t<div class=\"elementor-element elementor-element-44555ba elementor-widget elementor-widget-heading\" data-id=\"44555ba\" data-element_type=\"widget\" data-e-type=\"widget\" data-widget_type=\"heading.default\">\n\t\t\t\t<div class=\"elementor-widget-container\">\n\t\t\t\t\t<h2 class=\"elementor-heading-title elementor-size-default\">Hypertext links<\/h2>\t\t\t\t<\/div>\n\t\t\t\t<\/div>\n\t\t\t\t<div class=\"elementor-element elementor-element-6edd467 elementor-widget elementor-widget-text-editor\" data-id=\"6edd467\" data-element_type=\"widget\" data-e-type=\"widget\" data-widget_type=\"text-editor.default\">\n\t\t\t\t<div class=\"elementor-widget-container\">\n\t\t\t\t\t\t\t\t\t<p>The creation of a hypertext link pointing to the content of the Th\u00e9\u00e2tre de la Massue website or one of its components is authorised subject to :<\/p><ul><li>make it accessible by opening a new window ;<\/li><li>mention the source by means of a hypertext link pointing directly to the content in question;<\/li><li>not to use this information for commercial or advertising purposes.<\/li><\/ul><p>This authorisation does not apply to websites disseminating information of a polemical, pornographic or xenophobic nature or which may, to a greater extent, offend the sensibilities of a large number of people.<\/p>\t\t\t\t\t\t\t\t<\/div>\n\t\t\t\t<\/div>\n\t\t\t\t<div class=\"elementor-element elementor-element-5d08519 elementor-widget elementor-widget-heading\" data-id=\"5d08519\" data-element_type=\"widget\" data-e-type=\"widget\" data-widget_type=\"heading.default\">\n\t\t\t\t<div class=\"elementor-widget-container\">\n\t\t\t\t\t<h2 class=\"elementor-heading-title elementor-size-default\">Liability<\/h2>\t\t\t\t<\/div>\n\t\t\t\t<\/div>\n\t\t\t\t<div class=\"elementor-element elementor-element-7e94729 elementor-widget elementor-widget-text-editor\" data-id=\"7e94729\" data-element_type=\"widget\" data-e-type=\"widget\" data-widget_type=\"text-editor.default\">\n\t\t\t\t<div class=\"elementor-widget-container\">\n\t\t\t\t\t\t\t\t\t<p>The www.ezequiel-garcia-romeu.com website provides numerous links to other sites, mainly official sites (institutions, public bodies, etc.) but also to sites of partner associations or companies. These web pages, whose addresses are regularly checked, are not part of the official public site www.ezequiel-garcia-romeu.com.<\/p><p>Th\u00e9\u00e2tre de la Massue is not responsible for the content of these other sites, and will not be held liable for any damage or loss arising from them.<\/p>\t\t\t\t\t\t\t\t<\/div>\n\t\t\t\t<\/div>\n\t\t\t\t\t<\/div>\n\t\t<\/div>\n\t\t\t\t\t<\/div>\n\t\t<\/section>\n\t\t\t\t<\/div>","protected":false},"excerpt":{"rendered":"<p>Mentions L\u00e9gales \u00c9diteur Th\u00e9\u00e2tre de la MassueAssociation loi 1901 cr\u00e9\u00e9e en 198589 route de Turin \u2013\u00a006300 NiceSIRET : 33432513100053Code APE : Arts du spectacle vivant (9001Z)TVA intracommunautaire : FR61334325131T\u00e9l\u00e9phone :\u00a0 [&hellip;]<\/p>\n","protected":false},"author":1,"featured_media":0,"parent":0,"menu_order":0,"comment_status":"closed","ping_status":"closed","template":"","meta":{"footnotes":""},"class_list":["post-827","page","type-page","status-publish","hentry"],"_links":{"self":[{"href":"https:\/\/ezequiel-garcia-romeu.com\/en\/wp-json\/wp\/v2\/pages\/827","targetHints":{"allow":["GET"]}}],"collection":[{"href":"https:\/\/ezequiel-garcia-romeu.com\/en\/wp-json\/wp\/v2\/pages"}],"about":[{"href":"https:\/\/ezequiel-garcia-romeu.com\/en\/wp-json\/wp\/v2\/types\/page"}],"author":[{"embeddable":true,"href":"https:\/\/ezequiel-garcia-romeu.com\/en\/wp-json\/wp\/v2\/users\/1"}],"replies":[{"embeddable":true,"href":"https:\/\/ezequiel-garcia-romeu.com\/en\/wp-json\/wp\/v2\/comments?post=827"}],"version-history":[{"count":31,"href":"https:\/\/ezequiel-garcia-romeu.com\/en\/wp-json\/wp\/v2\/pages\/827\/revisions"}],"predecessor-version":[{"id":1824,"href":"https:\/\/ezequiel-garcia-romeu.com\/en\/wp-json\/wp\/v2\/pages\/827\/revisions\/1824"}],"wp:attachment":[{"href":"https:\/\/ezequiel-garcia-romeu.com\/en\/wp-json\/wp\/v2\/media?parent=827"}],"curies":[{"name":"wp","href":"https:\/\/api.w.org\/{rel}","templated":true}]}}